{"id":531,"date":"2025-05-05T08:46:13","date_gmt":"2025-05-05T08:46:13","guid":{"rendered":"https:\/\/persianaspermatik.rkinformatika.online\/?post_type=product&#038;p=531"},"modified":"2026-02-12T08:52:32","modified_gmt":"2026-02-12T08:52:32","slug":"hr-multi-3-compatible-con-cyacsa-go","status":"publish","type":"product","link":"https:\/\/persianaspermatik.es\/eu\/produktua\/hr-multi-3-compatible-con-cyacsa-go\/","title":{"rendered":"HR MULTI 3 COMPATIBLE CON CYACSA GO"},"content":{"rendered":"<p>Marca &#8212; HR Matic<\/p>\n<p>N\u00famero de botones &#8212; 4 botones rojos<\/p>\n<p>C\u00f3digo &#8212; C\u00f3digo evolutivo<\/p>\n<p>Frecuencia &#8212; 868 MHz<\/p>\n<p>Pila incluida &#8212; 12V<\/p>\n<p>Codificaci\u00f3n &#8212; Autoaprendizaje<\/p>","protected":false},"excerpt":{"rendered":"<p><strong data-start=\"62\" data-end=\"100\">Mando HR Matic 4 botones \u2013 868 MHz<\/strong>, con c\u00f3digo evolutivo y sistema de autoaprendizaje. Alta compatibilidad con automatismos de garaje. Incluye pila de 12V.<\/p>","protected":false},"featured_media":532,"comment_status":"open","ping_status":"closed","template":"","meta":[],"product_brand":[],"product_cat":[28],"product_tag":[],"class_list":{"0":"post-531","1":"product","2":"type-product","3":"status-publish","4":"has-post-thumbnail","6":"product_cat-mandos-a-distancia","8":"first","9":"instock","10":"taxable","11":"shipping-taxable","12":"purchasable","13":"product-type-simple"},"yoast_head":"<!-- This site is optimized with the Yoast SEO plugin v26.4 - https:\/\/yoast.com\/wordpress\/plugins\/seo\/ -->\n<title>HR MULTI 3 COMPATIBLE CON CYACSA GO - Persianas Permatik<\/title>\n<meta name=\"robots\" content=\"index, follow, max-snippet:-1, max-image-preview:large, max-video-preview:-1\" \/>\n<link rel=\"canonical\" href=\"https:\/\/persianaspermatik.es\/eu\/produktua\/hr-multi-3-compatible-con-cyacsa-go\/\" \/>\n<meta property=\"og:locale\" content=\"en_US\" \/>\n<meta property=\"og:type\" content=\"article\" \/>\n<meta property=\"og:title\" content=\"HR MULTI 3 COMPATIBLE CON CYACSA GO - Persianas Permatik\" \/>\n<meta property=\"og:description\" content=\"Mando HR Matic 4 botones \u2013 868 MHz, con c\u00f3digo evolutivo y sistema de autoaprendizaje. Alta compatibilidad con automatismos de garaje. Incluye pila de 12V.\" \/>\n<meta property=\"og:url\" content=\"https:\/\/persianaspermatik.es\/eu\/produktua\/hr-multi-3-compatible-con-cyacsa-go\/\" \/>\n<meta property=\"og:site_name\" content=\"Persianas Permatik\" \/>\n<meta property=\"article:modified_time\" content=\"2026-02-12T08:52:32+00:00\" \/>\n<meta property=\"og:image\" content=\"https:\/\/persianaspermatik.es\/wp-content\/uploads\/2025\/05\/Diseno-sin-titulo-48.png\" \/>\n\t<meta property=\"og:image:width\" content=\"500\" \/>\n\t<meta property=\"og:image:height\" content=\"500\" \/>\n\t<meta property=\"og:image:type\" content=\"image\/png\" \/>\n<meta name=\"twitter:card\" content=\"summary_large_image\" \/>\n<meta name=\"twitter:label1\" content=\"Est. reading time\" \/>\n\t<meta name=\"twitter:data1\" content=\"1 minutua\" \/>\n<script type=\"application\/ld+json\" class=\"yoast-schema-graph\">{\"@context\":\"https:\/\/schema.org\",\"@graph\":[{\"@type\":\"WebPage\",\"@id\":\"https:\/\/persianaspermatik.es\/producto\/hr-multi-3-compatible-con-cyacsa-go\/\",\"url\":\"https:\/\/persianaspermatik.es\/producto\/hr-multi-3-compatible-con-cyacsa-go\/\",\"name\":\"HR MULTI 3 COMPATIBLE CON CYACSA GO - Persianas Permatik\",\"isPartOf\":{\"@id\":\"https:\/\/persianaspermatik.es\/#website\"},\"primaryImageOfPage\":{\"@id\":\"https:\/\/persianaspermatik.es\/producto\/hr-multi-3-compatible-con-cyacsa-go\/#primaryimage\"},\"image\":{\"@id\":\"https:\/\/persianaspermatik.es\/producto\/hr-multi-3-compatible-con-cyacsa-go\/#primaryimage\"},\"thumbnailUrl\":\"https:\/\/persianaspermatik.es\/wp-content\/uploads\/2025\/05\/Diseno-sin-titulo-48.png\",\"datePublished\":\"2025-05-05T08:46:13+00:00\",\"dateModified\":\"2026-02-12T08:52:32+00:00\",\"breadcrumb\":{\"@id\":\"https:\/\/persianaspermatik.es\/producto\/hr-multi-3-compatible-con-cyacsa-go\/#breadcrumb\"},\"inLanguage\":\"eu\",\"potentialAction\":[{\"@type\":\"ReadAction\",\"target\":[\"https:\/\/persianaspermatik.es\/producto\/hr-multi-3-compatible-con-cyacsa-go\/\"]}]},{\"@type\":\"ImageObject\",\"inLanguage\":\"eu\",\"@id\":\"https:\/\/persianaspermatik.es\/producto\/hr-multi-3-compatible-con-cyacsa-go\/#primaryimage\",\"url\":\"https:\/\/persianaspermatik.es\/wp-content\/uploads\/2025\/05\/Diseno-sin-titulo-48.png\",\"contentUrl\":\"https:\/\/persianaspermatik.es\/wp-content\/uploads\/2025\/05\/Diseno-sin-titulo-48.png\",\"width\":500,\"height\":500},{\"@type\":\"BreadcrumbList\",\"@id\":\"https:\/\/persianaspermatik.es\/producto\/hr-multi-3-compatible-con-cyacsa-go\/#breadcrumb\",\"itemListElement\":[{\"@type\":\"ListItem\",\"position\":1,\"name\":\"Portada\",\"item\":\"https:\/\/persianaspermatik.es\/\"},{\"@type\":\"ListItem\",\"position\":2,\"name\":\"Tienda\",\"item\":\"https:\/\/persianaspermatik.es\/tienda\/\"},{\"@type\":\"ListItem\",\"position\":3,\"name\":\"HR MULTI 3 COMPATIBLE CON CYACSA GO\"}]},{\"@type\":\"WebSite\",\"@id\":\"https:\/\/persianaspermatik.es\/#website\",\"url\":\"https:\/\/persianaspermatik.es\/\",\"name\":\"Persianas Permatik\",\"description\":\"Fabricaci\u00f3n, instalaci\u00f3n y venta de cierres met\u00e1licos.\",\"publisher\":{\"@id\":\"https:\/\/persianaspermatik.es\/#organization\"},\"potentialAction\":[{\"@type\":\"SearchAction\",\"target\":{\"@type\":\"EntryPoint\",\"urlTemplate\":\"https:\/\/persianaspermatik.es\/?s={search_term_string}\"},\"query-input\":{\"@type\":\"PropertyValueSpecification\",\"valueRequired\":true,\"valueName\":\"search_term_string\"}}],\"inLanguage\":\"eu\"},{\"@type\":\"Organization\",\"@id\":\"https:\/\/persianaspermatik.es\/#organization\",\"name\":\"Persianas Permatik\",\"url\":\"https:\/\/persianaspermatik.es\/\",\"logo\":{\"@type\":\"ImageObject\",\"inLanguage\":\"eu\",\"@id\":\"https:\/\/persianaspermatik.es\/#\/schema\/logo\/image\/\",\"url\":\"https:\/\/persianaspermatik.es\/wp-content\/uploads\/2025\/03\/cropped-Logo.jpg\",\"contentUrl\":\"https:\/\/persianaspermatik.es\/wp-content\/uploads\/2025\/03\/cropped-Logo.jpg\",\"width\":906,\"height\":168,\"caption\":\"Persianas Permatik\"},\"image\":{\"@id\":\"https:\/\/persianaspermatik.es\/#\/schema\/logo\/image\/\"}}]}<\/script>\n<!-- \/ Yoast SEO plugin. -->","yoast_head_json":{"title":"HR MULTI 3 COMPATIBLE CON CYACSA GO - Persianas Permatik","robots":{"index":"index","follow":"follow","max-snippet":"max-snippet:-1","max-image-preview":"max-image-preview:large","max-video-preview":"max-video-preview:-1"},"canonical":"https:\/\/persianaspermatik.es\/eu\/produktua\/hr-multi-3-compatible-con-cyacsa-go\/","og_locale":"en_US","og_type":"article","og_title":"HR MULTI 3 COMPATIBLE CON CYACSA GO - Persianas Permatik","og_description":"Mando HR Matic 4 botones \u2013 868 MHz, con c\u00f3digo evolutivo y sistema de autoaprendizaje. Alta compatibilidad con automatismos de garaje. Incluye pila de 12V.","og_url":"https:\/\/persianaspermatik.es\/eu\/produktua\/hr-multi-3-compatible-con-cyacsa-go\/","og_site_name":"Persianas Permatik","article_modified_time":"2026-02-12T08:52:32+00:00","og_image":[{"width":500,"height":500,"url":"https:\/\/persianaspermatik.es\/wp-content\/uploads\/2025\/05\/Diseno-sin-titulo-48.png","type":"image\/png"}],"twitter_card":"summary_large_image","twitter_misc":{"Est. reading time":"1 minutua"},"schema":{"@context":"https:\/\/schema.org","@graph":[{"@type":"WebPage","@id":"https:\/\/persianaspermatik.es\/producto\/hr-multi-3-compatible-con-cyacsa-go\/","url":"https:\/\/persianaspermatik.es\/producto\/hr-multi-3-compatible-con-cyacsa-go\/","name":"HR MULTI 3 COMPATIBLE CON CYACSA GO - Persianas Permatik","isPartOf":{"@id":"https:\/\/persianaspermatik.es\/#website"},"primaryImageOfPage":{"@id":"https:\/\/persianaspermatik.es\/producto\/hr-multi-3-compatible-con-cyacsa-go\/#primaryimage"},"image":{"@id":"https:\/\/persianaspermatik.es\/producto\/hr-multi-3-compatible-con-cyacsa-go\/#primaryimage"},"thumbnailUrl":"https:\/\/persianaspermatik.es\/wp-content\/uploads\/2025\/05\/Diseno-sin-titulo-48.png","datePublished":"2025-05-05T08:46:13+00:00","dateModified":"2026-02-12T08:52:32+00:00","breadcrumb":{"@id":"https:\/\/persianaspermatik.es\/producto\/hr-multi-3-compatible-con-cyacsa-go\/#breadcrumb"},"inLanguage":"eu","potentialAction":[{"@type":"ReadAction","target":["https:\/\/persianaspermatik.es\/producto\/hr-multi-3-compatible-con-cyacsa-go\/"]}]},{"@type":"ImageObject","inLanguage":"eu","@id":"https:\/\/persianaspermatik.es\/producto\/hr-multi-3-compatible-con-cyacsa-go\/#primaryimage","url":"https:\/\/persianaspermatik.es\/wp-content\/uploads\/2025\/05\/Diseno-sin-titulo-48.png","contentUrl":"https:\/\/persianaspermatik.es\/wp-content\/uploads\/2025\/05\/Diseno-sin-titulo-48.png","width":500,"height":500},{"@type":"BreadcrumbList","@id":"https:\/\/persianaspermatik.es\/producto\/hr-multi-3-compatible-con-cyacsa-go\/#breadcrumb","itemListElement":[{"@type":"ListItem","position":1,"name":"Portada","item":"https:\/\/persianaspermatik.es\/"},{"@type":"ListItem","position":2,"name":"Tienda","item":"https:\/\/persianaspermatik.es\/tienda\/"},{"@type":"ListItem","position":3,"name":"HR MULTI 3 COMPATIBLE CON CYACSA GO"}]},{"@type":"WebSite","@id":"https:\/\/persianaspermatik.es\/#website","url":"https:\/\/persianaspermatik.es\/","name":"Persianas Permatik","description":"Fabricaci\u00f3n, instalaci\u00f3n y venta de cierres met\u00e1licos.","publisher":{"@id":"https:\/\/persianaspermatik.es\/#organization"},"potentialAction":[{"@type":"SearchAction","target":{"@type":"EntryPoint","urlTemplate":"https:\/\/persianaspermatik.es\/?s={search_term_string}"},"query-input":{"@type":"PropertyValueSpecification","valueRequired":true,"valueName":"search_term_string"}}],"inLanguage":"eu"},{"@type":"Organization","@id":"https:\/\/persianaspermatik.es\/#organization","name":"Persianas Permatik","url":"https:\/\/persianaspermatik.es\/","logo":{"@type":"ImageObject","inLanguage":"eu","@id":"https:\/\/persianaspermatik.es\/#\/schema\/logo\/image\/","url":"https:\/\/persianaspermatik.es\/wp-content\/uploads\/2025\/03\/cropped-Logo.jpg","contentUrl":"https:\/\/persianaspermatik.es\/wp-content\/uploads\/2025\/03\/cropped-Logo.jpg","width":906,"height":168,"caption":"Persianas Permatik"},"image":{"@id":"https:\/\/persianaspermatik.es\/#\/schema\/logo\/image\/"}}]}},"jetpack_sharing_enabled":true,"_links":{"self":[{"href":"https:\/\/persianaspermatik.es\/eu\/wp-json\/wp\/v2\/product\/531","targetHints":{"allow":["GET"]}}],"collection":[{"href":"https:\/\/persianaspermatik.es\/eu\/wp-json\/wp\/v2\/product"}],"about":[{"href":"https:\/\/persianaspermatik.es\/eu\/wp-json\/wp\/v2\/types\/product"}],"replies":[{"embeddable":true,"href":"https:\/\/persianaspermatik.es\/eu\/wp-json\/wp\/v2\/comments?post=531"}],"wp:featuredmedia":[{"embeddable":true,"href":"https:\/\/persianaspermatik.es\/eu\/wp-json\/wp\/v2\/media\/532"}],"wp:attachment":[{"href":"https:\/\/persianaspermatik.es\/eu\/wp-json\/wp\/v2\/media?parent=531"}],"wp:term":[{"taxonomy":"product_brand","embeddable":true,"href":"https:\/\/persianaspermatik.es\/eu\/wp-json\/wp\/v2\/product_brand?post=531"},{"taxonomy":"product_cat","embeddable":true,"href":"https:\/\/persianaspermatik.es\/eu\/wp-json\/wp\/v2\/product_cat?post=531"},{"taxonomy":"product_tag","embeddable":true,"href":"https:\/\/persianaspermatik.es\/eu\/wp-json\/wp\/v2\/product_tag?post=531"}],"curies":[{"name":"wp","href":"https:\/\/api.w.org\/{rel}","templated":true}]}}