{"id":520,"date":"2025-05-05T08:30:10","date_gmt":"2025-05-05T08:30:10","guid":{"rendered":"https:\/\/persianaspermatik.rkinformatika.online\/?post_type=product&#038;p=520"},"modified":"2026-02-12T08:57:17","modified_gmt":"2026-02-12T08:57:17","slug":"mando-emisor-a-distancia-roger-e80-tx52r-2","status":"publish","type":"product","link":"https:\/\/persianaspermatik.es\/eu\/produktua\/mando-emisor-a-distancia-roger-e80-tx52r-2\/","title":{"rendered":"Mando emisor a distancia ROGER E80\/TX52R\/2"},"content":{"rendered":"<p>Especificaciones T\u00e9cnicas Producto<\/p>\n<p>&nbsp;<\/p>\n<p>Alimentaci\u00f3n est\u00e1ndar &#8212; 13V DC<\/p>\n<p>Absorci\u00f3n l\u00ednea &#8212; 12mA<\/p>\n<p>Temperatura de funcionamento &#8212; -10+55\u00baC<\/p>\n<p>N\u00famero canales &#8212; 2<\/p>\n<p>Codificaci\u00f3n &#8212; C\u00f3digo fijo<\/p>\n<p>Modulaci\u00f3n &#8212; AM\/ASK<\/p>\n<p>Frequencia portadora &#8212; 433.92MHz<\/p>\n<p>Combinaciones de n\u00fameros &#8212; 65536<\/p>\n<p>Tipos de c\u00f3digos fijos clonables &#8212; 0<\/p>\n<p>N\u00fameros de bits del c\u00f3digo de identificaci\u00f3n\u00a0 &#8212; 0<\/p>\n<p>N\u00famero de bits transmitidos &#8212; 00<\/p>\n<p>Funcionalidad de copia &#8212; S\u00ed<\/p>\n<p>M\u00e1xima distancia en campo libre &#8212; 150m<\/p>\n<p>Bater\u00eda &#8212; Mod \u00abCR2032\u00bb 3V<\/p>\n<p>Dimensiones m\u00e1ximas de producto (L x W x H) &#8212; 38 x 68 x 11<\/p>\n<p>Peso del producto embalado (kg) &#8212; 0.03<\/p>","protected":false},"excerpt":{"rendered":"<p><strong data-start=\"73\" data-end=\"114\">Mando a distancia 2 canales 433.92MHz<\/strong> con codificaci\u00f3n de c\u00f3digo fijo y alcance de hasta 150\u202fm en campo libre. Funciona con bater\u00eda CR2032 y ofrece f\u00e1cil clonaci\u00f3n. Compacto, ligero y compatible con sistemas de 13V DC.<\/p>","protected":false},"featured_media":521,"comment_status":"open","ping_status":"closed","template":"","meta":[],"product_brand":[],"product_cat":[28],"product_tag":[],"class_list":{"0":"post-520","1":"product","2":"type-product","3":"status-publish","4":"has-post-thumbnail","6":"product_cat-mandos-a-distancia","8":"first","9":"instock","10":"taxable","11":"shipping-taxable","12":"purchasable","13":"product-type-simple"},"yoast_head":"<!-- This site is optimized with the Yoast SEO plugin v26.4 - https:\/\/yoast.com\/wordpress\/plugins\/seo\/ -->\n<title>Mando emisor a distancia ROGER E80\/TX52R\/2 - Persianas Permatik<\/title>\n<meta name=\"robots\" content=\"index, follow, max-snippet:-1, max-image-preview:large, max-video-preview:-1\" \/>\n<link rel=\"canonical\" href=\"https:\/\/persianaspermatik.es\/eu\/produktua\/mando-emisor-a-distancia-roger-e80-tx52r-2\/\" \/>\n<meta property=\"og:locale\" content=\"en_US\" \/>\n<meta property=\"og:type\" content=\"article\" \/>\n<meta property=\"og:title\" content=\"Mando emisor a distancia ROGER E80\/TX52R\/2 - Persianas Permatik\" \/>\n<meta property=\"og:description\" content=\"Mando a distancia 2 canales 433.92MHz con codificaci\u00f3n de c\u00f3digo fijo y alcance de hasta 150\u202fm en campo libre. Funciona con bater\u00eda CR2032 y ofrece f\u00e1cil clonaci\u00f3n. Compacto, ligero y compatible con sistemas de 13V DC.\" \/>\n<meta property=\"og:url\" content=\"https:\/\/persianaspermatik.es\/eu\/produktua\/mando-emisor-a-distancia-roger-e80-tx52r-2\/\" \/>\n<meta property=\"og:site_name\" content=\"Persianas Permatik\" \/>\n<meta property=\"article:modified_time\" content=\"2026-02-12T08:57:17+00:00\" \/>\n<meta property=\"og:image\" content=\"https:\/\/persianaspermatik.es\/wp-content\/uploads\/2025\/05\/Diseno-sin-titulo-39.png\" \/>\n\t<meta property=\"og:image:width\" content=\"500\" \/>\n\t<meta property=\"og:image:height\" content=\"500\" \/>\n\t<meta property=\"og:image:type\" content=\"image\/png\" \/>\n<meta name=\"twitter:card\" content=\"summary_large_image\" \/>\n<meta name=\"twitter:label1\" content=\"Est. reading time\" \/>\n\t<meta name=\"twitter:data1\" content=\"1 minutua\" \/>\n<script type=\"application\/ld+json\" class=\"yoast-schema-graph\">{\"@context\":\"https:\/\/schema.org\",\"@graph\":[{\"@type\":\"WebPage\",\"@id\":\"https:\/\/persianaspermatik.es\/producto\/mando-emisor-a-distancia-roger-e80-tx52r-2\/\",\"url\":\"https:\/\/persianaspermatik.es\/producto\/mando-emisor-a-distancia-roger-e80-tx52r-2\/\",\"name\":\"Mando emisor a distancia ROGER E80\/TX52R\/2 - Persianas Permatik\",\"isPartOf\":{\"@id\":\"https:\/\/persianaspermatik.es\/#website\"},\"primaryImageOfPage\":{\"@id\":\"https:\/\/persianaspermatik.es\/producto\/mando-emisor-a-distancia-roger-e80-tx52r-2\/#primaryimage\"},\"image\":{\"@id\":\"https:\/\/persianaspermatik.es\/producto\/mando-emisor-a-distancia-roger-e80-tx52r-2\/#primaryimage\"},\"thumbnailUrl\":\"https:\/\/persianaspermatik.es\/wp-content\/uploads\/2025\/05\/Diseno-sin-titulo-39.png\",\"datePublished\":\"2025-05-05T08:30:10+00:00\",\"dateModified\":\"2026-02-12T08:57:17+00:00\",\"breadcrumb\":{\"@id\":\"https:\/\/persianaspermatik.es\/producto\/mando-emisor-a-distancia-roger-e80-tx52r-2\/#breadcrumb\"},\"inLanguage\":\"eu\",\"potentialAction\":[{\"@type\":\"ReadAction\",\"target\":[\"https:\/\/persianaspermatik.es\/producto\/mando-emisor-a-distancia-roger-e80-tx52r-2\/\"]}]},{\"@type\":\"ImageObject\",\"inLanguage\":\"eu\",\"@id\":\"https:\/\/persianaspermatik.es\/producto\/mando-emisor-a-distancia-roger-e80-tx52r-2\/#primaryimage\",\"url\":\"https:\/\/persianaspermatik.es\/wp-content\/uploads\/2025\/05\/Diseno-sin-titulo-39.png\",\"contentUrl\":\"https:\/\/persianaspermatik.es\/wp-content\/uploads\/2025\/05\/Diseno-sin-titulo-39.png\",\"width\":500,\"height\":500},{\"@type\":\"BreadcrumbList\",\"@id\":\"https:\/\/persianaspermatik.es\/producto\/mando-emisor-a-distancia-roger-e80-tx52r-2\/#breadcrumb\",\"itemListElement\":[{\"@type\":\"ListItem\",\"position\":1,\"name\":\"Portada\",\"item\":\"https:\/\/persianaspermatik.es\/\"},{\"@type\":\"ListItem\",\"position\":2,\"name\":\"Tienda\",\"item\":\"https:\/\/persianaspermatik.es\/tienda\/\"},{\"@type\":\"ListItem\",\"position\":3,\"name\":\"Mando emisor a distancia ROGER E80\/TX52R\/2\"}]},{\"@type\":\"WebSite\",\"@id\":\"https:\/\/persianaspermatik.es\/#website\",\"url\":\"https:\/\/persianaspermatik.es\/\",\"name\":\"Persianas Permatik\",\"description\":\"Fabricaci\u00f3n, instalaci\u00f3n y venta de cierres met\u00e1licos.\",\"publisher\":{\"@id\":\"https:\/\/persianaspermatik.es\/#organization\"},\"potentialAction\":[{\"@type\":\"SearchAction\",\"target\":{\"@type\":\"EntryPoint\",\"urlTemplate\":\"https:\/\/persianaspermatik.es\/?s={search_term_string}\"},\"query-input\":{\"@type\":\"PropertyValueSpecification\",\"valueRequired\":true,\"valueName\":\"search_term_string\"}}],\"inLanguage\":\"eu\"},{\"@type\":\"Organization\",\"@id\":\"https:\/\/persianaspermatik.es\/#organization\",\"name\":\"Persianas Permatik\",\"url\":\"https:\/\/persianaspermatik.es\/\",\"logo\":{\"@type\":\"ImageObject\",\"inLanguage\":\"eu\",\"@id\":\"https:\/\/persianaspermatik.es\/#\/schema\/logo\/image\/\",\"url\":\"https:\/\/persianaspermatik.es\/wp-content\/uploads\/2025\/03\/cropped-Logo.jpg\",\"contentUrl\":\"https:\/\/persianaspermatik.es\/wp-content\/uploads\/2025\/03\/cropped-Logo.jpg\",\"width\":906,\"height\":168,\"caption\":\"Persianas Permatik\"},\"image\":{\"@id\":\"https:\/\/persianaspermatik.es\/#\/schema\/logo\/image\/\"}}]}<\/script>\n<!-- \/ Yoast SEO plugin. -->","yoast_head_json":{"title":"Mando emisor a distancia ROGER E80\/TX52R\/2 - Persianas Permatik","robots":{"index":"index","follow":"follow","max-snippet":"max-snippet:-1","max-image-preview":"max-image-preview:large","max-video-preview":"max-video-preview:-1"},"canonical":"https:\/\/persianaspermatik.es\/eu\/produktua\/mando-emisor-a-distancia-roger-e80-tx52r-2\/","og_locale":"en_US","og_type":"article","og_title":"Mando emisor a distancia ROGER E80\/TX52R\/2 - Persianas Permatik","og_description":"Mando a distancia 2 canales 433.92MHz con codificaci\u00f3n de c\u00f3digo fijo y alcance de hasta 150\u202fm en campo libre. Funciona con bater\u00eda CR2032 y ofrece f\u00e1cil clonaci\u00f3n. Compacto, ligero y compatible con sistemas de 13V DC.","og_url":"https:\/\/persianaspermatik.es\/eu\/produktua\/mando-emisor-a-distancia-roger-e80-tx52r-2\/","og_site_name":"Persianas Permatik","article_modified_time":"2026-02-12T08:57:17+00:00","og_image":[{"width":500,"height":500,"url":"https:\/\/persianaspermatik.es\/wp-content\/uploads\/2025\/05\/Diseno-sin-titulo-39.png","type":"image\/png"}],"twitter_card":"summary_large_image","twitter_misc":{"Est. reading time":"1 minutua"},"schema":{"@context":"https:\/\/schema.org","@graph":[{"@type":"WebPage","@id":"https:\/\/persianaspermatik.es\/producto\/mando-emisor-a-distancia-roger-e80-tx52r-2\/","url":"https:\/\/persianaspermatik.es\/producto\/mando-emisor-a-distancia-roger-e80-tx52r-2\/","name":"Mando emisor a distancia ROGER E80\/TX52R\/2 - Persianas Permatik","isPartOf":{"@id":"https:\/\/persianaspermatik.es\/#website"},"primaryImageOfPage":{"@id":"https:\/\/persianaspermatik.es\/producto\/mando-emisor-a-distancia-roger-e80-tx52r-2\/#primaryimage"},"image":{"@id":"https:\/\/persianaspermatik.es\/producto\/mando-emisor-a-distancia-roger-e80-tx52r-2\/#primaryimage"},"thumbnailUrl":"https:\/\/persianaspermatik.es\/wp-content\/uploads\/2025\/05\/Diseno-sin-titulo-39.png","datePublished":"2025-05-05T08:30:10+00:00","dateModified":"2026-02-12T08:57:17+00:00","breadcrumb":{"@id":"https:\/\/persianaspermatik.es\/producto\/mando-emisor-a-distancia-roger-e80-tx52r-2\/#breadcrumb"},"inLanguage":"eu","potentialAction":[{"@type":"ReadAction","target":["https:\/\/persianaspermatik.es\/producto\/mando-emisor-a-distancia-roger-e80-tx52r-2\/"]}]},{"@type":"ImageObject","inLanguage":"eu","@id":"https:\/\/persianaspermatik.es\/producto\/mando-emisor-a-distancia-roger-e80-tx52r-2\/#primaryimage","url":"https:\/\/persianaspermatik.es\/wp-content\/uploads\/2025\/05\/Diseno-sin-titulo-39.png","contentUrl":"https:\/\/persianaspermatik.es\/wp-content\/uploads\/2025\/05\/Diseno-sin-titulo-39.png","width":500,"height":500},{"@type":"BreadcrumbList","@id":"https:\/\/persianaspermatik.es\/producto\/mando-emisor-a-distancia-roger-e80-tx52r-2\/#breadcrumb","itemListElement":[{"@type":"ListItem","position":1,"name":"Portada","item":"https:\/\/persianaspermatik.es\/"},{"@type":"ListItem","position":2,"name":"Tienda","item":"https:\/\/persianaspermatik.es\/tienda\/"},{"@type":"ListItem","position":3,"name":"Mando emisor a distancia ROGER E80\/TX52R\/2"}]},{"@type":"WebSite","@id":"https:\/\/persianaspermatik.es\/#website","url":"https:\/\/persianaspermatik.es\/","name":"Persianas Permatik","description":"Fabricaci\u00f3n, instalaci\u00f3n y venta de cierres met\u00e1licos.","publisher":{"@id":"https:\/\/persianaspermatik.es\/#organization"},"potentialAction":[{"@type":"SearchAction","target":{"@type":"EntryPoint","urlTemplate":"https:\/\/persianaspermatik.es\/?s={search_term_string}"},"query-input":{"@type":"PropertyValueSpecification","valueRequired":true,"valueName":"search_term_string"}}],"inLanguage":"eu"},{"@type":"Organization","@id":"https:\/\/persianaspermatik.es\/#organization","name":"Persianas Permatik","url":"https:\/\/persianaspermatik.es\/","logo":{"@type":"ImageObject","inLanguage":"eu","@id":"https:\/\/persianaspermatik.es\/#\/schema\/logo\/image\/","url":"https:\/\/persianaspermatik.es\/wp-content\/uploads\/2025\/03\/cropped-Logo.jpg","contentUrl":"https:\/\/persianaspermatik.es\/wp-content\/uploads\/2025\/03\/cropped-Logo.jpg","width":906,"height":168,"caption":"Persianas Permatik"},"image":{"@id":"https:\/\/persianaspermatik.es\/#\/schema\/logo\/image\/"}}]}},"jetpack_sharing_enabled":true,"_links":{"self":[{"href":"https:\/\/persianaspermatik.es\/eu\/wp-json\/wp\/v2\/product\/520","targetHints":{"allow":["GET"]}}],"collection":[{"href":"https:\/\/persianaspermatik.es\/eu\/wp-json\/wp\/v2\/product"}],"about":[{"href":"https:\/\/persianaspermatik.es\/eu\/wp-json\/wp\/v2\/types\/product"}],"replies":[{"embeddable":true,"href":"https:\/\/persianaspermatik.es\/eu\/wp-json\/wp\/v2\/comments?post=520"}],"wp:featuredmedia":[{"embeddable":true,"href":"https:\/\/persianaspermatik.es\/eu\/wp-json\/wp\/v2\/media\/521"}],"wp:attachment":[{"href":"https:\/\/persianaspermatik.es\/eu\/wp-json\/wp\/v2\/media?parent=520"}],"wp:term":[{"taxonomy":"product_brand","embeddable":true,"href":"https:\/\/persianaspermatik.es\/eu\/wp-json\/wp\/v2\/product_brand?post=520"},{"taxonomy":"product_cat","embeddable":true,"href":"https:\/\/persianaspermatik.es\/eu\/wp-json\/wp\/v2\/product_cat?post=520"},{"taxonomy":"product_tag","embeddable":true,"href":"https:\/\/persianaspermatik.es\/eu\/wp-json\/wp\/v2\/product_tag?post=520"}],"curies":[{"name":"wp","href":"https:\/\/api.w.org\/{rel}","templated":true}]}}