{"id":504,"date":"2025-05-02T16:16:41","date_gmt":"2025-05-02T16:16:41","guid":{"rendered":"https:\/\/persianaspermatik.rkinformatika.online\/?post_type=product&#038;p=504"},"modified":"2026-02-12T09:24:49","modified_gmt":"2026-02-12T09:24:49","slug":"sag-seguridad-aacp0047-cerrojo-seg-140x115x75-csi-aacp0047-niq-sat-sag","status":"publish","type":"product","link":"https:\/\/persianaspermatik.es\/eu\/produktua\/sag-seguridad-aacp0047-cerrojo-seg-140x115x75-csi-aacp0047-niq-sat-sag\/","title":{"rendered":"Sag Seguridad Aacp0047 &#8211; Cerrojo seg 140x115x75 csi-aacp0047 niq\/sat sag"},"content":{"rendered":"<p>El cerrojo-cerradura EP40:<br \/>\nPlacas base y mecanismos de acero inoxidable(AISI 304).<br \/>\nBarra de hierro y carcasas de zamak.<br \/>\nPosibilidad de placa reforzada exterior (se vende como accesorio). Posibilidad de versi\u00f3n placa cuadrada y placa vertical.<br \/>\nPara puertas 40 a 50mm de grosor.<br \/>\nMedida del bomb\u00edn est\u00e1ndar &#8211; Di\u00e1metro: 27mm (se recomienda hacer agujero con corona de 28 a 30mm) &#8211; Longitud: 51mm (Pueden suministrarse medida de 60 y 70mm bajo pedido)<br \/>\nCasquillo rotatorio con bocallave contra ataques al rotor.<br \/>\nNo guarda mano. V\u00e1lido para puertas de apertura derecha y apertura izquierda.<br \/>\nIncluye Inserto y 5 llaves. Posibilidad de llave Smart Key o Long Key.<\/p>","protected":false},"excerpt":{"rendered":"<p>Cerrojo EP40 con mecanismos en acero inoxidable AISI 304 y barra de hierro. V\u00e1lido para puertas de 40 a 50 mm, sin mano (apertura derecha o izquierda). Bomb\u00edn de \u00d827 \u00d7 51 mm. Incluye inserto y 5 llaves. Opciones: placa reforzada, placa cuadrada\/vertical, Smart Key o Long Key.<\/p>","protected":false},"featured_media":505,"comment_status":"open","ping_status":"closed","template":"","meta":[],"product_brand":[],"product_cat":[26],"product_tag":[],"class_list":{"0":"post-504","1":"product","2":"type-product","3":"status-publish","4":"has-post-thumbnail","6":"product_cat-cerrojo-de-seguridad","8":"first","9":"instock","10":"taxable","11":"shipping-taxable","12":"purchasable","13":"product-type-simple"},"yoast_head":"<!-- This site is optimized with the Yoast SEO plugin v26.4 - https:\/\/yoast.com\/wordpress\/plugins\/seo\/ -->\n<title>Sag Seguridad Aacp0047 - Cerrojo seg 140x115x75 csi-aacp0047 niq\/sat sag - Persianas Permatik<\/title>\n<meta name=\"robots\" content=\"index, follow, max-snippet:-1, max-image-preview:large, max-video-preview:-1\" \/>\n<link rel=\"canonical\" href=\"https:\/\/persianaspermatik.es\/eu\/produktua\/sag-seguridad-aacp0047-cerrojo-seg-140x115x75-csi-aacp0047-niq-sat-sag\/\" \/>\n<meta property=\"og:locale\" content=\"en_US\" \/>\n<meta property=\"og:type\" content=\"article\" \/>\n<meta property=\"og:title\" content=\"Sag Seguridad Aacp0047 - Cerrojo seg 140x115x75 csi-aacp0047 niq\/sat sag - Persianas Permatik\" \/>\n<meta property=\"og:description\" content=\"Cerrojo EP40 con mecanismos en acero inoxidable AISI 304 y barra de hierro. V\u00e1lido para puertas de 40 a 50 mm, sin mano (apertura derecha o izquierda). Bomb\u00edn de \u00d827 \u00d7 51 mm. Incluye inserto y 5 llaves. Opciones: placa reforzada, placa cuadrada\/vertical, Smart Key o Long Key.\" \/>\n<meta property=\"og:url\" content=\"https:\/\/persianaspermatik.es\/eu\/produktua\/sag-seguridad-aacp0047-cerrojo-seg-140x115x75-csi-aacp0047-niq-sat-sag\/\" \/>\n<meta property=\"og:site_name\" content=\"Persianas Permatik\" \/>\n<meta property=\"article:modified_time\" content=\"2026-02-12T09:24:49+00:00\" \/>\n<meta property=\"og:image\" content=\"https:\/\/persianaspermatik.es\/wp-content\/uploads\/2025\/05\/Diseno-sin-titulo-27.png\" \/>\n\t<meta property=\"og:image:width\" content=\"500\" \/>\n\t<meta property=\"og:image:height\" content=\"500\" \/>\n\t<meta property=\"og:image:type\" content=\"image\/png\" \/>\n<meta name=\"twitter:card\" content=\"summary_large_image\" \/>\n<meta name=\"twitter:label1\" content=\"Est. reading time\" \/>\n\t<meta name=\"twitter:data1\" content=\"1 minutua\" \/>\n<script type=\"application\/ld+json\" class=\"yoast-schema-graph\">{\"@context\":\"https:\/\/schema.org\",\"@graph\":[{\"@type\":\"WebPage\",\"@id\":\"https:\/\/persianaspermatik.es\/producto\/sag-seguridad-aacp0047-cerrojo-seg-140x115x75-csi-aacp0047-niq-sat-sag\/\",\"url\":\"https:\/\/persianaspermatik.es\/producto\/sag-seguridad-aacp0047-cerrojo-seg-140x115x75-csi-aacp0047-niq-sat-sag\/\",\"name\":\"Sag Seguridad Aacp0047 - Cerrojo seg 140x115x75 csi-aacp0047 niq\/sat sag - Persianas Permatik\",\"isPartOf\":{\"@id\":\"https:\/\/persianaspermatik.es\/#website\"},\"primaryImageOfPage\":{\"@id\":\"https:\/\/persianaspermatik.es\/producto\/sag-seguridad-aacp0047-cerrojo-seg-140x115x75-csi-aacp0047-niq-sat-sag\/#primaryimage\"},\"image\":{\"@id\":\"https:\/\/persianaspermatik.es\/producto\/sag-seguridad-aacp0047-cerrojo-seg-140x115x75-csi-aacp0047-niq-sat-sag\/#primaryimage\"},\"thumbnailUrl\":\"https:\/\/persianaspermatik.es\/wp-content\/uploads\/2025\/05\/Diseno-sin-titulo-27.png\",\"datePublished\":\"2025-05-02T16:16:41+00:00\",\"dateModified\":\"2026-02-12T09:24:49+00:00\",\"breadcrumb\":{\"@id\":\"https:\/\/persianaspermatik.es\/producto\/sag-seguridad-aacp0047-cerrojo-seg-140x115x75-csi-aacp0047-niq-sat-sag\/#breadcrumb\"},\"inLanguage\":\"eu\",\"potentialAction\":[{\"@type\":\"ReadAction\",\"target\":[\"https:\/\/persianaspermatik.es\/producto\/sag-seguridad-aacp0047-cerrojo-seg-140x115x75-csi-aacp0047-niq-sat-sag\/\"]}]},{\"@type\":\"ImageObject\",\"inLanguage\":\"eu\",\"@id\":\"https:\/\/persianaspermatik.es\/producto\/sag-seguridad-aacp0047-cerrojo-seg-140x115x75-csi-aacp0047-niq-sat-sag\/#primaryimage\",\"url\":\"https:\/\/persianaspermatik.es\/wp-content\/uploads\/2025\/05\/Diseno-sin-titulo-27.png\",\"contentUrl\":\"https:\/\/persianaspermatik.es\/wp-content\/uploads\/2025\/05\/Diseno-sin-titulo-27.png\",\"width\":500,\"height\":500},{\"@type\":\"BreadcrumbList\",\"@id\":\"https:\/\/persianaspermatik.es\/producto\/sag-seguridad-aacp0047-cerrojo-seg-140x115x75-csi-aacp0047-niq-sat-sag\/#breadcrumb\",\"itemListElement\":[{\"@type\":\"ListItem\",\"position\":1,\"name\":\"Portada\",\"item\":\"https:\/\/persianaspermatik.es\/\"},{\"@type\":\"ListItem\",\"position\":2,\"name\":\"Tienda\",\"item\":\"https:\/\/persianaspermatik.es\/tienda\/\"},{\"@type\":\"ListItem\",\"position\":3,\"name\":\"Sag Seguridad Aacp0047 &#8211; Cerrojo seg 140x115x75 csi-aacp0047 niq\/sat sag\"}]},{\"@type\":\"WebSite\",\"@id\":\"https:\/\/persianaspermatik.es\/#website\",\"url\":\"https:\/\/persianaspermatik.es\/\",\"name\":\"Persianas Permatik\",\"description\":\"Fabricaci\u00f3n, instalaci\u00f3n y venta de cierres met\u00e1licos.\",\"publisher\":{\"@id\":\"https:\/\/persianaspermatik.es\/#organization\"},\"potentialAction\":[{\"@type\":\"SearchAction\",\"target\":{\"@type\":\"EntryPoint\",\"urlTemplate\":\"https:\/\/persianaspermatik.es\/?s={search_term_string}\"},\"query-input\":{\"@type\":\"PropertyValueSpecification\",\"valueRequired\":true,\"valueName\":\"search_term_string\"}}],\"inLanguage\":\"eu\"},{\"@type\":\"Organization\",\"@id\":\"https:\/\/persianaspermatik.es\/#organization\",\"name\":\"Persianas Permatik\",\"url\":\"https:\/\/persianaspermatik.es\/\",\"logo\":{\"@type\":\"ImageObject\",\"inLanguage\":\"eu\",\"@id\":\"https:\/\/persianaspermatik.es\/#\/schema\/logo\/image\/\",\"url\":\"https:\/\/persianaspermatik.es\/wp-content\/uploads\/2025\/03\/cropped-Logo.jpg\",\"contentUrl\":\"https:\/\/persianaspermatik.es\/wp-content\/uploads\/2025\/03\/cropped-Logo.jpg\",\"width\":906,\"height\":168,\"caption\":\"Persianas Permatik\"},\"image\":{\"@id\":\"https:\/\/persianaspermatik.es\/#\/schema\/logo\/image\/\"}}]}<\/script>\n<!-- \/ Yoast SEO plugin. -->","yoast_head_json":{"title":"Sag Seguridad Aacp0047 - Cerrojo seg 140x115x75 csi-aacp0047 niq\/sat sag - Persianas Permatik","robots":{"index":"index","follow":"follow","max-snippet":"max-snippet:-1","max-image-preview":"max-image-preview:large","max-video-preview":"max-video-preview:-1"},"canonical":"https:\/\/persianaspermatik.es\/eu\/produktua\/sag-seguridad-aacp0047-cerrojo-seg-140x115x75-csi-aacp0047-niq-sat-sag\/","og_locale":"en_US","og_type":"article","og_title":"Sag Seguridad Aacp0047 - Cerrojo seg 140x115x75 csi-aacp0047 niq\/sat sag - Persianas Permatik","og_description":"Cerrojo EP40 con mecanismos en acero inoxidable AISI 304 y barra de hierro. V\u00e1lido para puertas de 40 a 50 mm, sin mano (apertura derecha o izquierda). Bomb\u00edn de \u00d827 \u00d7 51 mm. Incluye inserto y 5 llaves. Opciones: placa reforzada, placa cuadrada\/vertical, Smart Key o Long Key.","og_url":"https:\/\/persianaspermatik.es\/eu\/produktua\/sag-seguridad-aacp0047-cerrojo-seg-140x115x75-csi-aacp0047-niq-sat-sag\/","og_site_name":"Persianas Permatik","article_modified_time":"2026-02-12T09:24:49+00:00","og_image":[{"width":500,"height":500,"url":"https:\/\/persianaspermatik.es\/wp-content\/uploads\/2025\/05\/Diseno-sin-titulo-27.png","type":"image\/png"}],"twitter_card":"summary_large_image","twitter_misc":{"Est. reading time":"1 minutua"},"schema":{"@context":"https:\/\/schema.org","@graph":[{"@type":"WebPage","@id":"https:\/\/persianaspermatik.es\/producto\/sag-seguridad-aacp0047-cerrojo-seg-140x115x75-csi-aacp0047-niq-sat-sag\/","url":"https:\/\/persianaspermatik.es\/producto\/sag-seguridad-aacp0047-cerrojo-seg-140x115x75-csi-aacp0047-niq-sat-sag\/","name":"Sag Seguridad Aacp0047 - Cerrojo seg 140x115x75 csi-aacp0047 niq\/sat sag - Persianas Permatik","isPartOf":{"@id":"https:\/\/persianaspermatik.es\/#website"},"primaryImageOfPage":{"@id":"https:\/\/persianaspermatik.es\/producto\/sag-seguridad-aacp0047-cerrojo-seg-140x115x75-csi-aacp0047-niq-sat-sag\/#primaryimage"},"image":{"@id":"https:\/\/persianaspermatik.es\/producto\/sag-seguridad-aacp0047-cerrojo-seg-140x115x75-csi-aacp0047-niq-sat-sag\/#primaryimage"},"thumbnailUrl":"https:\/\/persianaspermatik.es\/wp-content\/uploads\/2025\/05\/Diseno-sin-titulo-27.png","datePublished":"2025-05-02T16:16:41+00:00","dateModified":"2026-02-12T09:24:49+00:00","breadcrumb":{"@id":"https:\/\/persianaspermatik.es\/producto\/sag-seguridad-aacp0047-cerrojo-seg-140x115x75-csi-aacp0047-niq-sat-sag\/#breadcrumb"},"inLanguage":"eu","potentialAction":[{"@type":"ReadAction","target":["https:\/\/persianaspermatik.es\/producto\/sag-seguridad-aacp0047-cerrojo-seg-140x115x75-csi-aacp0047-niq-sat-sag\/"]}]},{"@type":"ImageObject","inLanguage":"eu","@id":"https:\/\/persianaspermatik.es\/producto\/sag-seguridad-aacp0047-cerrojo-seg-140x115x75-csi-aacp0047-niq-sat-sag\/#primaryimage","url":"https:\/\/persianaspermatik.es\/wp-content\/uploads\/2025\/05\/Diseno-sin-titulo-27.png","contentUrl":"https:\/\/persianaspermatik.es\/wp-content\/uploads\/2025\/05\/Diseno-sin-titulo-27.png","width":500,"height":500},{"@type":"BreadcrumbList","@id":"https:\/\/persianaspermatik.es\/producto\/sag-seguridad-aacp0047-cerrojo-seg-140x115x75-csi-aacp0047-niq-sat-sag\/#breadcrumb","itemListElement":[{"@type":"ListItem","position":1,"name":"Portada","item":"https:\/\/persianaspermatik.es\/"},{"@type":"ListItem","position":2,"name":"Tienda","item":"https:\/\/persianaspermatik.es\/tienda\/"},{"@type":"ListItem","position":3,"name":"Sag Seguridad Aacp0047 &#8211; Cerrojo seg 140x115x75 csi-aacp0047 niq\/sat sag"}]},{"@type":"WebSite","@id":"https:\/\/persianaspermatik.es\/#website","url":"https:\/\/persianaspermatik.es\/","name":"Persianas Permatik","description":"Fabricaci\u00f3n, instalaci\u00f3n y venta de cierres met\u00e1licos.","publisher":{"@id":"https:\/\/persianaspermatik.es\/#organization"},"potentialAction":[{"@type":"SearchAction","target":{"@type":"EntryPoint","urlTemplate":"https:\/\/persianaspermatik.es\/?s={search_term_string}"},"query-input":{"@type":"PropertyValueSpecification","valueRequired":true,"valueName":"search_term_string"}}],"inLanguage":"eu"},{"@type":"Organization","@id":"https:\/\/persianaspermatik.es\/#organization","name":"Persianas Permatik","url":"https:\/\/persianaspermatik.es\/","logo":{"@type":"ImageObject","inLanguage":"eu","@id":"https:\/\/persianaspermatik.es\/#\/schema\/logo\/image\/","url":"https:\/\/persianaspermatik.es\/wp-content\/uploads\/2025\/03\/cropped-Logo.jpg","contentUrl":"https:\/\/persianaspermatik.es\/wp-content\/uploads\/2025\/03\/cropped-Logo.jpg","width":906,"height":168,"caption":"Persianas Permatik"},"image":{"@id":"https:\/\/persianaspermatik.es\/#\/schema\/logo\/image\/"}}]}},"jetpack_sharing_enabled":true,"_links":{"self":[{"href":"https:\/\/persianaspermatik.es\/eu\/wp-json\/wp\/v2\/product\/504","targetHints":{"allow":["GET"]}}],"collection":[{"href":"https:\/\/persianaspermatik.es\/eu\/wp-json\/wp\/v2\/product"}],"about":[{"href":"https:\/\/persianaspermatik.es\/eu\/wp-json\/wp\/v2\/types\/product"}],"replies":[{"embeddable":true,"href":"https:\/\/persianaspermatik.es\/eu\/wp-json\/wp\/v2\/comments?post=504"}],"wp:featuredmedia":[{"embeddable":true,"href":"https:\/\/persianaspermatik.es\/eu\/wp-json\/wp\/v2\/media\/505"}],"wp:attachment":[{"href":"https:\/\/persianaspermatik.es\/eu\/wp-json\/wp\/v2\/media?parent=504"}],"wp:term":[{"taxonomy":"product_brand","embeddable":true,"href":"https:\/\/persianaspermatik.es\/eu\/wp-json\/wp\/v2\/product_brand?post=504"},{"taxonomy":"product_cat","embeddable":true,"href":"https:\/\/persianaspermatik.es\/eu\/wp-json\/wp\/v2\/product_cat?post=504"},{"taxonomy":"product_tag","embeddable":true,"href":"https:\/\/persianaspermatik.es\/eu\/wp-json\/wp\/v2\/product_tag?post=504"}],"curies":[{"name":"wp","href":"https:\/\/api.w.org\/{rel}","templated":true}]}}