{"id":498,"date":"2025-05-02T16:12:09","date_gmt":"2025-05-02T16:12:09","guid":{"rendered":"https:\/\/persianaspermatik.rkinformatika.online\/?post_type=product&#038;p=498"},"modified":"2026-02-18T16:18:55","modified_gmt":"2026-02-18T16:18:55","slug":"cerradura-de-persiana-de-156-x-56-mm-mottura-doble-paleton-varias-claves","status":"publish","type":"product","link":"https:\/\/persianaspermatik.es\/eu\/produktua\/cerradura-de-persiana-de-156-x-56-mm-mottura-doble-paleton-varias-claves\/","title":{"rendered":"Cerradura de Persiana de 156 X 56 mm MOTTURA Doble Palet\u00f3n Varias claves"},"content":{"rendered":"<p>Llave con 2 vueltas<br \/>\nextra\u00edble solo despu\u00e9s de 2 vueltas de llave.<br \/>\nDim.: 156 x 56 mm<br \/>\nProyecci\u00f3n: Cilindro de 18,5 mm incluido.<br \/>\nSalida de cilindro: 5,5 mm<br \/>\nCantidad de llaves: 2<br \/>\nCarrera: 19 mm<br \/>\nDi\u00e1metro del cilindro: 25 mm<\/p>","protected":false},"excerpt":{"rendered":"<p class=\"\" data-start=\"116\" data-end=\"326\"><strong data-start=\"116\" data-end=\"326\">Cerradura con llave de 2 vueltas, extra\u00edble solo al completar el giro completo. Dimensiones: 156 \u00d7 56 mm, cilindro de \u00d825 mm con proyecci\u00f3n de 18,5 mm y salida de 5,5 mm. Carrera de 19 mm. Incluye 2 llaves.<\/strong><\/p>","protected":false},"featured_media":499,"comment_status":"open","ping_status":"closed","template":"","meta":[],"product_brand":[],"product_cat":[25],"product_tag":[],"class_list":{"0":"post-498","1":"product","2":"type-product","3":"status-publish","4":"has-post-thumbnail","6":"product_cat-cerradura-de-seguridad","8":"first","9":"instock","10":"taxable","11":"shipping-taxable","12":"purchasable","13":"product-type-simple"},"yoast_head":"<!-- This site is optimized with the Yoast SEO plugin v26.4 - https:\/\/yoast.com\/wordpress\/plugins\/seo\/ -->\n<title>Cerradura de Persiana de 156 X 56 mm MOTTURA Doble Palet\u00f3n Varias claves - Persianas Permatik<\/title>\n<meta name=\"robots\" content=\"index, follow, max-snippet:-1, max-image-preview:large, max-video-preview:-1\" \/>\n<link rel=\"canonical\" href=\"https:\/\/persianaspermatik.es\/eu\/produktua\/cerradura-de-persiana-de-156-x-56-mm-mottura-doble-paleton-varias-claves\/\" \/>\n<meta property=\"og:locale\" content=\"en_US\" \/>\n<meta property=\"og:type\" content=\"article\" \/>\n<meta property=\"og:title\" content=\"Cerradura de Persiana de 156 X 56 mm MOTTURA Doble Palet\u00f3n Varias claves - Persianas Permatik\" \/>\n<meta property=\"og:description\" content=\"Cerradura con llave de 2 vueltas, extra\u00edble solo al completar el giro completo. Dimensiones: 156 \u00d7 56 mm, cilindro de \u00d825 mm con proyecci\u00f3n de 18,5 mm y salida de 5,5 mm. Carrera de 19 mm. Incluye 2 llaves.\" \/>\n<meta property=\"og:url\" content=\"https:\/\/persianaspermatik.es\/eu\/produktua\/cerradura-de-persiana-de-156-x-56-mm-mottura-doble-paleton-varias-claves\/\" \/>\n<meta property=\"og:site_name\" content=\"Persianas Permatik\" \/>\n<meta property=\"article:modified_time\" content=\"2026-02-18T16:18:55+00:00\" \/>\n<meta property=\"og:image\" content=\"https:\/\/persianaspermatik.es\/wp-content\/uploads\/2025\/05\/Diseno-sin-titulo-22.png\" \/>\n\t<meta property=\"og:image:width\" content=\"500\" \/>\n\t<meta property=\"og:image:height\" content=\"500\" \/>\n\t<meta property=\"og:image:type\" content=\"image\/png\" \/>\n<meta name=\"twitter:card\" content=\"summary_large_image\" \/>\n<meta name=\"twitter:label1\" content=\"Est. reading time\" \/>\n\t<meta name=\"twitter:data1\" content=\"1 minutua\" \/>\n<script type=\"application\/ld+json\" class=\"yoast-schema-graph\">{\"@context\":\"https:\/\/schema.org\",\"@graph\":[{\"@type\":\"WebPage\",\"@id\":\"https:\/\/persianaspermatik.es\/producto\/cerradura-de-persiana-de-156-x-56-mm-mottura-doble-paleton-varias-claves\/\",\"url\":\"https:\/\/persianaspermatik.es\/producto\/cerradura-de-persiana-de-156-x-56-mm-mottura-doble-paleton-varias-claves\/\",\"name\":\"Cerradura de Persiana de 156 X 56 mm MOTTURA Doble Palet\u00f3n Varias claves - Persianas Permatik\",\"isPartOf\":{\"@id\":\"https:\/\/persianaspermatik.es\/#website\"},\"primaryImageOfPage\":{\"@id\":\"https:\/\/persianaspermatik.es\/producto\/cerradura-de-persiana-de-156-x-56-mm-mottura-doble-paleton-varias-claves\/#primaryimage\"},\"image\":{\"@id\":\"https:\/\/persianaspermatik.es\/producto\/cerradura-de-persiana-de-156-x-56-mm-mottura-doble-paleton-varias-claves\/#primaryimage\"},\"thumbnailUrl\":\"https:\/\/persianaspermatik.es\/wp-content\/uploads\/2025\/05\/Diseno-sin-titulo-22.png\",\"datePublished\":\"2025-05-02T16:12:09+00:00\",\"dateModified\":\"2026-02-18T16:18:55+00:00\",\"breadcrumb\":{\"@id\":\"https:\/\/persianaspermatik.es\/producto\/cerradura-de-persiana-de-156-x-56-mm-mottura-doble-paleton-varias-claves\/#breadcrumb\"},\"inLanguage\":\"eu\",\"potentialAction\":[{\"@type\":\"ReadAction\",\"target\":[\"https:\/\/persianaspermatik.es\/producto\/cerradura-de-persiana-de-156-x-56-mm-mottura-doble-paleton-varias-claves\/\"]}]},{\"@type\":\"ImageObject\",\"inLanguage\":\"eu\",\"@id\":\"https:\/\/persianaspermatik.es\/producto\/cerradura-de-persiana-de-156-x-56-mm-mottura-doble-paleton-varias-claves\/#primaryimage\",\"url\":\"https:\/\/persianaspermatik.es\/wp-content\/uploads\/2025\/05\/Diseno-sin-titulo-22.png\",\"contentUrl\":\"https:\/\/persianaspermatik.es\/wp-content\/uploads\/2025\/05\/Diseno-sin-titulo-22.png\",\"width\":500,\"height\":500},{\"@type\":\"BreadcrumbList\",\"@id\":\"https:\/\/persianaspermatik.es\/producto\/cerradura-de-persiana-de-156-x-56-mm-mottura-doble-paleton-varias-claves\/#breadcrumb\",\"itemListElement\":[{\"@type\":\"ListItem\",\"position\":1,\"name\":\"Portada\",\"item\":\"https:\/\/persianaspermatik.es\/\"},{\"@type\":\"ListItem\",\"position\":2,\"name\":\"Tienda\",\"item\":\"https:\/\/persianaspermatik.es\/tienda\/\"},{\"@type\":\"ListItem\",\"position\":3,\"name\":\"Cerradura de Persiana de 156 X 56 mm MOTTURA Doble Palet\u00f3n Varias claves\"}]},{\"@type\":\"WebSite\",\"@id\":\"https:\/\/persianaspermatik.es\/#website\",\"url\":\"https:\/\/persianaspermatik.es\/\",\"name\":\"Persianas Permatik\",\"description\":\"Fabricaci\u00f3n, instalaci\u00f3n y venta de cierres met\u00e1licos.\",\"publisher\":{\"@id\":\"https:\/\/persianaspermatik.es\/#organization\"},\"potentialAction\":[{\"@type\":\"SearchAction\",\"target\":{\"@type\":\"EntryPoint\",\"urlTemplate\":\"https:\/\/persianaspermatik.es\/?s={search_term_string}\"},\"query-input\":{\"@type\":\"PropertyValueSpecification\",\"valueRequired\":true,\"valueName\":\"search_term_string\"}}],\"inLanguage\":\"eu\"},{\"@type\":\"Organization\",\"@id\":\"https:\/\/persianaspermatik.es\/#organization\",\"name\":\"Persianas Permatik\",\"url\":\"https:\/\/persianaspermatik.es\/\",\"logo\":{\"@type\":\"ImageObject\",\"inLanguage\":\"eu\",\"@id\":\"https:\/\/persianaspermatik.es\/#\/schema\/logo\/image\/\",\"url\":\"https:\/\/persianaspermatik.es\/wp-content\/uploads\/2025\/03\/cropped-Logo.jpg\",\"contentUrl\":\"https:\/\/persianaspermatik.es\/wp-content\/uploads\/2025\/03\/cropped-Logo.jpg\",\"width\":906,\"height\":168,\"caption\":\"Persianas Permatik\"},\"image\":{\"@id\":\"https:\/\/persianaspermatik.es\/#\/schema\/logo\/image\/\"}}]}<\/script>\n<!-- \/ Yoast SEO plugin. -->","yoast_head_json":{"title":"Cerradura de Persiana de 156 X 56 mm MOTTURA Doble Palet\u00f3n Varias claves - Persianas Permatik","robots":{"index":"index","follow":"follow","max-snippet":"max-snippet:-1","max-image-preview":"max-image-preview:large","max-video-preview":"max-video-preview:-1"},"canonical":"https:\/\/persianaspermatik.es\/eu\/produktua\/cerradura-de-persiana-de-156-x-56-mm-mottura-doble-paleton-varias-claves\/","og_locale":"en_US","og_type":"article","og_title":"Cerradura de Persiana de 156 X 56 mm MOTTURA Doble Palet\u00f3n Varias claves - Persianas Permatik","og_description":"Cerradura con llave de 2 vueltas, extra\u00edble solo al completar el giro completo. Dimensiones: 156 \u00d7 56 mm, cilindro de \u00d825 mm con proyecci\u00f3n de 18,5 mm y salida de 5,5 mm. Carrera de 19 mm. Incluye 2 llaves.","og_url":"https:\/\/persianaspermatik.es\/eu\/produktua\/cerradura-de-persiana-de-156-x-56-mm-mottura-doble-paleton-varias-claves\/","og_site_name":"Persianas Permatik","article_modified_time":"2026-02-18T16:18:55+00:00","og_image":[{"width":500,"height":500,"url":"https:\/\/persianaspermatik.es\/wp-content\/uploads\/2025\/05\/Diseno-sin-titulo-22.png","type":"image\/png"}],"twitter_card":"summary_large_image","twitter_misc":{"Est. reading time":"1 minutua"},"schema":{"@context":"https:\/\/schema.org","@graph":[{"@type":"WebPage","@id":"https:\/\/persianaspermatik.es\/producto\/cerradura-de-persiana-de-156-x-56-mm-mottura-doble-paleton-varias-claves\/","url":"https:\/\/persianaspermatik.es\/producto\/cerradura-de-persiana-de-156-x-56-mm-mottura-doble-paleton-varias-claves\/","name":"Cerradura de Persiana de 156 X 56 mm MOTTURA Doble Palet\u00f3n Varias claves - Persianas Permatik","isPartOf":{"@id":"https:\/\/persianaspermatik.es\/#website"},"primaryImageOfPage":{"@id":"https:\/\/persianaspermatik.es\/producto\/cerradura-de-persiana-de-156-x-56-mm-mottura-doble-paleton-varias-claves\/#primaryimage"},"image":{"@id":"https:\/\/persianaspermatik.es\/producto\/cerradura-de-persiana-de-156-x-56-mm-mottura-doble-paleton-varias-claves\/#primaryimage"},"thumbnailUrl":"https:\/\/persianaspermatik.es\/wp-content\/uploads\/2025\/05\/Diseno-sin-titulo-22.png","datePublished":"2025-05-02T16:12:09+00:00","dateModified":"2026-02-18T16:18:55+00:00","breadcrumb":{"@id":"https:\/\/persianaspermatik.es\/producto\/cerradura-de-persiana-de-156-x-56-mm-mottura-doble-paleton-varias-claves\/#breadcrumb"},"inLanguage":"eu","potentialAction":[{"@type":"ReadAction","target":["https:\/\/persianaspermatik.es\/producto\/cerradura-de-persiana-de-156-x-56-mm-mottura-doble-paleton-varias-claves\/"]}]},{"@type":"ImageObject","inLanguage":"eu","@id":"https:\/\/persianaspermatik.es\/producto\/cerradura-de-persiana-de-156-x-56-mm-mottura-doble-paleton-varias-claves\/#primaryimage","url":"https:\/\/persianaspermatik.es\/wp-content\/uploads\/2025\/05\/Diseno-sin-titulo-22.png","contentUrl":"https:\/\/persianaspermatik.es\/wp-content\/uploads\/2025\/05\/Diseno-sin-titulo-22.png","width":500,"height":500},{"@type":"BreadcrumbList","@id":"https:\/\/persianaspermatik.es\/producto\/cerradura-de-persiana-de-156-x-56-mm-mottura-doble-paleton-varias-claves\/#breadcrumb","itemListElement":[{"@type":"ListItem","position":1,"name":"Portada","item":"https:\/\/persianaspermatik.es\/"},{"@type":"ListItem","position":2,"name":"Tienda","item":"https:\/\/persianaspermatik.es\/tienda\/"},{"@type":"ListItem","position":3,"name":"Cerradura de Persiana de 156 X 56 mm MOTTURA Doble Palet\u00f3n Varias claves"}]},{"@type":"WebSite","@id":"https:\/\/persianaspermatik.es\/#website","url":"https:\/\/persianaspermatik.es\/","name":"Persianas Permatik","description":"Fabricaci\u00f3n, instalaci\u00f3n y venta de cierres met\u00e1licos.","publisher":{"@id":"https:\/\/persianaspermatik.es\/#organization"},"potentialAction":[{"@type":"SearchAction","target":{"@type":"EntryPoint","urlTemplate":"https:\/\/persianaspermatik.es\/?s={search_term_string}"},"query-input":{"@type":"PropertyValueSpecification","valueRequired":true,"valueName":"search_term_string"}}],"inLanguage":"eu"},{"@type":"Organization","@id":"https:\/\/persianaspermatik.es\/#organization","name":"Persianas Permatik","url":"https:\/\/persianaspermatik.es\/","logo":{"@type":"ImageObject","inLanguage":"eu","@id":"https:\/\/persianaspermatik.es\/#\/schema\/logo\/image\/","url":"https:\/\/persianaspermatik.es\/wp-content\/uploads\/2025\/03\/cropped-Logo.jpg","contentUrl":"https:\/\/persianaspermatik.es\/wp-content\/uploads\/2025\/03\/cropped-Logo.jpg","width":906,"height":168,"caption":"Persianas Permatik"},"image":{"@id":"https:\/\/persianaspermatik.es\/#\/schema\/logo\/image\/"}}]}},"jetpack_sharing_enabled":true,"_links":{"self":[{"href":"https:\/\/persianaspermatik.es\/eu\/wp-json\/wp\/v2\/product\/498","targetHints":{"allow":["GET"]}}],"collection":[{"href":"https:\/\/persianaspermatik.es\/eu\/wp-json\/wp\/v2\/product"}],"about":[{"href":"https:\/\/persianaspermatik.es\/eu\/wp-json\/wp\/v2\/types\/product"}],"replies":[{"embeddable":true,"href":"https:\/\/persianaspermatik.es\/eu\/wp-json\/wp\/v2\/comments?post=498"}],"wp:featuredmedia":[{"embeddable":true,"href":"https:\/\/persianaspermatik.es\/eu\/wp-json\/wp\/v2\/media\/499"}],"wp:attachment":[{"href":"https:\/\/persianaspermatik.es\/eu\/wp-json\/wp\/v2\/media?parent=498"}],"wp:term":[{"taxonomy":"product_brand","embeddable":true,"href":"https:\/\/persianaspermatik.es\/eu\/wp-json\/wp\/v2\/product_brand?post=498"},{"taxonomy":"product_cat","embeddable":true,"href":"https:\/\/persianaspermatik.es\/eu\/wp-json\/wp\/v2\/product_cat?post=498"},{"taxonomy":"product_tag","embeddable":true,"href":"https:\/\/persianaspermatik.es\/eu\/wp-json\/wp\/v2\/product_tag?post=498"}],"curies":[{"name":"wp","href":"https:\/\/api.w.org\/{rel}","templated":true}]}}