{"id":474,"date":"2025-05-02T15:45:26","date_gmt":"2025-05-02T15:45:26","guid":{"rendered":"https:\/\/persianaspermatik.rkinformatika.online\/?post_type=product&#038;p=474"},"modified":"2026-02-12T09:41:05","modified_gmt":"2026-02-12T09:41:05","slug":"wallkey-ks-plus-selector-y-desbloqueo-pujol","status":"publish","type":"product","link":"https:\/\/persianaspermatik.es\/eu\/produktua\/wallkey-ks-plus-selector-y-desbloqueo-pujol\/","title":{"rendered":"WALLKEY KS PLUS (SELECTOR Y DESBLOQUEO PUJOL)"},"content":{"rendered":"<p>Selector de llave met\u00e1lico con desbloqueo para subir o bajar la persiana o cierre enrollable de su domicilio o negocio.<br \/>\nSe conecta con cables directamente al motor sin necesidad de utilizar un cuadro de maniobras.<br \/>\nSe monta f\u00e1cilmente en la superficie de la pared<\/p>","protected":false},"excerpt":{"rendered":"<p>Selector de llave met\u00e1lico con desbloqueo para subir o bajar la persiana o cierre enrollable de su domicilio o negocio. Se conecta con cables directamente al motor sin necesidad de utilizar un cuadro de maniobras. Se monta f\u00e1cilmente en la superficie de la pared<\/p>","protected":false},"featured_media":475,"comment_status":"open","ping_status":"closed","template":"","meta":[],"product_brand":[],"product_cat":[23],"product_tag":[],"class_list":{"0":"post-474","1":"product","2":"type-product","3":"status-publish","4":"has-post-thumbnail","6":"product_cat-taquillas-de-desbloqueo","8":"first","9":"instock","10":"taxable","11":"shipping-taxable","12":"purchasable","13":"product-type-simple"},"yoast_head":"<!-- This site is optimized with the Yoast SEO plugin v26.4 - https:\/\/yoast.com\/wordpress\/plugins\/seo\/ -->\n<title>WALLKEY KS PLUS (SELECTOR Y DESBLOQUEO PUJOL) - Persianas Permatik<\/title>\n<meta name=\"robots\" content=\"index, follow, max-snippet:-1, max-image-preview:large, max-video-preview:-1\" \/>\n<link rel=\"canonical\" href=\"https:\/\/persianaspermatik.es\/eu\/produktua\/wallkey-ks-plus-selector-y-desbloqueo-pujol\/\" \/>\n<meta property=\"og:locale\" content=\"en_US\" \/>\n<meta property=\"og:type\" content=\"article\" \/>\n<meta property=\"og:title\" content=\"WALLKEY KS PLUS (SELECTOR Y DESBLOQUEO PUJOL) - Persianas Permatik\" \/>\n<meta property=\"og:description\" content=\"Selector de llave met\u00e1lico con desbloqueo para subir o bajar la persiana o cierre enrollable de su domicilio o negocio. Se conecta con cables directamente al motor sin necesidad de utilizar un cuadro de maniobras. Se monta f\u00e1cilmente en la superficie de la pared\" \/>\n<meta property=\"og:url\" content=\"https:\/\/persianaspermatik.es\/eu\/produktua\/wallkey-ks-plus-selector-y-desbloqueo-pujol\/\" \/>\n<meta property=\"og:site_name\" content=\"Persianas Permatik\" \/>\n<meta property=\"article:modified_time\" content=\"2026-02-12T09:41:05+00:00\" \/>\n<meta property=\"og:image\" content=\"https:\/\/persianaspermatik.es\/wp-content\/uploads\/2025\/05\/Diseno-sin-titulo-5.png\" \/>\n\t<meta property=\"og:image:width\" content=\"500\" \/>\n\t<meta property=\"og:image:height\" content=\"500\" \/>\n\t<meta property=\"og:image:type\" content=\"image\/png\" \/>\n<meta name=\"twitter:card\" content=\"summary_large_image\" \/>\n<meta name=\"twitter:label1\" content=\"Est. reading time\" \/>\n\t<meta name=\"twitter:data1\" content=\"1 minutua\" \/>\n<script type=\"application\/ld+json\" class=\"yoast-schema-graph\">{\"@context\":\"https:\/\/schema.org\",\"@graph\":[{\"@type\":\"WebPage\",\"@id\":\"https:\/\/persianaspermatik.es\/producto\/wallkey-ks-plus-selector-y-desbloqueo-pujol\/\",\"url\":\"https:\/\/persianaspermatik.es\/producto\/wallkey-ks-plus-selector-y-desbloqueo-pujol\/\",\"name\":\"WALLKEY KS PLUS (SELECTOR Y DESBLOQUEO PUJOL) - Persianas Permatik\",\"isPartOf\":{\"@id\":\"https:\/\/persianaspermatik.es\/#website\"},\"primaryImageOfPage\":{\"@id\":\"https:\/\/persianaspermatik.es\/producto\/wallkey-ks-plus-selector-y-desbloqueo-pujol\/#primaryimage\"},\"image\":{\"@id\":\"https:\/\/persianaspermatik.es\/producto\/wallkey-ks-plus-selector-y-desbloqueo-pujol\/#primaryimage\"},\"thumbnailUrl\":\"https:\/\/persianaspermatik.es\/wp-content\/uploads\/2025\/05\/Diseno-sin-titulo-5.png\",\"datePublished\":\"2025-05-02T15:45:26+00:00\",\"dateModified\":\"2026-02-12T09:41:05+00:00\",\"breadcrumb\":{\"@id\":\"https:\/\/persianaspermatik.es\/producto\/wallkey-ks-plus-selector-y-desbloqueo-pujol\/#breadcrumb\"},\"inLanguage\":\"eu\",\"potentialAction\":[{\"@type\":\"ReadAction\",\"target\":[\"https:\/\/persianaspermatik.es\/producto\/wallkey-ks-plus-selector-y-desbloqueo-pujol\/\"]}]},{\"@type\":\"ImageObject\",\"inLanguage\":\"eu\",\"@id\":\"https:\/\/persianaspermatik.es\/producto\/wallkey-ks-plus-selector-y-desbloqueo-pujol\/#primaryimage\",\"url\":\"https:\/\/persianaspermatik.es\/wp-content\/uploads\/2025\/05\/Diseno-sin-titulo-5.png\",\"contentUrl\":\"https:\/\/persianaspermatik.es\/wp-content\/uploads\/2025\/05\/Diseno-sin-titulo-5.png\",\"width\":500,\"height\":500},{\"@type\":\"BreadcrumbList\",\"@id\":\"https:\/\/persianaspermatik.es\/producto\/wallkey-ks-plus-selector-y-desbloqueo-pujol\/#breadcrumb\",\"itemListElement\":[{\"@type\":\"ListItem\",\"position\":1,\"name\":\"Portada\",\"item\":\"https:\/\/persianaspermatik.es\/\"},{\"@type\":\"ListItem\",\"position\":2,\"name\":\"Tienda\",\"item\":\"https:\/\/persianaspermatik.es\/tienda\/\"},{\"@type\":\"ListItem\",\"position\":3,\"name\":\"WALLKEY KS PLUS (SELECTOR Y DESBLOQUEO PUJOL)\"}]},{\"@type\":\"WebSite\",\"@id\":\"https:\/\/persianaspermatik.es\/#website\",\"url\":\"https:\/\/persianaspermatik.es\/\",\"name\":\"Persianas Permatik\",\"description\":\"Fabricaci\u00f3n, instalaci\u00f3n y venta de cierres met\u00e1licos.\",\"publisher\":{\"@id\":\"https:\/\/persianaspermatik.es\/#organization\"},\"potentialAction\":[{\"@type\":\"SearchAction\",\"target\":{\"@type\":\"EntryPoint\",\"urlTemplate\":\"https:\/\/persianaspermatik.es\/?s={search_term_string}\"},\"query-input\":{\"@type\":\"PropertyValueSpecification\",\"valueRequired\":true,\"valueName\":\"search_term_string\"}}],\"inLanguage\":\"eu\"},{\"@type\":\"Organization\",\"@id\":\"https:\/\/persianaspermatik.es\/#organization\",\"name\":\"Persianas Permatik\",\"url\":\"https:\/\/persianaspermatik.es\/\",\"logo\":{\"@type\":\"ImageObject\",\"inLanguage\":\"eu\",\"@id\":\"https:\/\/persianaspermatik.es\/#\/schema\/logo\/image\/\",\"url\":\"https:\/\/persianaspermatik.es\/wp-content\/uploads\/2025\/03\/cropped-Logo.jpg\",\"contentUrl\":\"https:\/\/persianaspermatik.es\/wp-content\/uploads\/2025\/03\/cropped-Logo.jpg\",\"width\":906,\"height\":168,\"caption\":\"Persianas Permatik\"},\"image\":{\"@id\":\"https:\/\/persianaspermatik.es\/#\/schema\/logo\/image\/\"}}]}<\/script>\n<!-- \/ Yoast SEO plugin. -->","yoast_head_json":{"title":"WALLKEY KS PLUS (SELECTOR Y DESBLOQUEO PUJOL) - Persianas Permatik","robots":{"index":"index","follow":"follow","max-snippet":"max-snippet:-1","max-image-preview":"max-image-preview:large","max-video-preview":"max-video-preview:-1"},"canonical":"https:\/\/persianaspermatik.es\/eu\/produktua\/wallkey-ks-plus-selector-y-desbloqueo-pujol\/","og_locale":"en_US","og_type":"article","og_title":"WALLKEY KS PLUS (SELECTOR Y DESBLOQUEO PUJOL) - Persianas Permatik","og_description":"Selector de llave met\u00e1lico con desbloqueo para subir o bajar la persiana o cierre enrollable de su domicilio o negocio. Se conecta con cables directamente al motor sin necesidad de utilizar un cuadro de maniobras. Se monta f\u00e1cilmente en la superficie de la pared","og_url":"https:\/\/persianaspermatik.es\/eu\/produktua\/wallkey-ks-plus-selector-y-desbloqueo-pujol\/","og_site_name":"Persianas Permatik","article_modified_time":"2026-02-12T09:41:05+00:00","og_image":[{"width":500,"height":500,"url":"https:\/\/persianaspermatik.es\/wp-content\/uploads\/2025\/05\/Diseno-sin-titulo-5.png","type":"image\/png"}],"twitter_card":"summary_large_image","twitter_misc":{"Est. reading time":"1 minutua"},"schema":{"@context":"https:\/\/schema.org","@graph":[{"@type":"WebPage","@id":"https:\/\/persianaspermatik.es\/producto\/wallkey-ks-plus-selector-y-desbloqueo-pujol\/","url":"https:\/\/persianaspermatik.es\/producto\/wallkey-ks-plus-selector-y-desbloqueo-pujol\/","name":"WALLKEY KS PLUS (SELECTOR Y DESBLOQUEO PUJOL) - Persianas Permatik","isPartOf":{"@id":"https:\/\/persianaspermatik.es\/#website"},"primaryImageOfPage":{"@id":"https:\/\/persianaspermatik.es\/producto\/wallkey-ks-plus-selector-y-desbloqueo-pujol\/#primaryimage"},"image":{"@id":"https:\/\/persianaspermatik.es\/producto\/wallkey-ks-plus-selector-y-desbloqueo-pujol\/#primaryimage"},"thumbnailUrl":"https:\/\/persianaspermatik.es\/wp-content\/uploads\/2025\/05\/Diseno-sin-titulo-5.png","datePublished":"2025-05-02T15:45:26+00:00","dateModified":"2026-02-12T09:41:05+00:00","breadcrumb":{"@id":"https:\/\/persianaspermatik.es\/producto\/wallkey-ks-plus-selector-y-desbloqueo-pujol\/#breadcrumb"},"inLanguage":"eu","potentialAction":[{"@type":"ReadAction","target":["https:\/\/persianaspermatik.es\/producto\/wallkey-ks-plus-selector-y-desbloqueo-pujol\/"]}]},{"@type":"ImageObject","inLanguage":"eu","@id":"https:\/\/persianaspermatik.es\/producto\/wallkey-ks-plus-selector-y-desbloqueo-pujol\/#primaryimage","url":"https:\/\/persianaspermatik.es\/wp-content\/uploads\/2025\/05\/Diseno-sin-titulo-5.png","contentUrl":"https:\/\/persianaspermatik.es\/wp-content\/uploads\/2025\/05\/Diseno-sin-titulo-5.png","width":500,"height":500},{"@type":"BreadcrumbList","@id":"https:\/\/persianaspermatik.es\/producto\/wallkey-ks-plus-selector-y-desbloqueo-pujol\/#breadcrumb","itemListElement":[{"@type":"ListItem","position":1,"name":"Portada","item":"https:\/\/persianaspermatik.es\/"},{"@type":"ListItem","position":2,"name":"Tienda","item":"https:\/\/persianaspermatik.es\/tienda\/"},{"@type":"ListItem","position":3,"name":"WALLKEY KS PLUS (SELECTOR Y DESBLOQUEO PUJOL)"}]},{"@type":"WebSite","@id":"https:\/\/persianaspermatik.es\/#website","url":"https:\/\/persianaspermatik.es\/","name":"Persianas Permatik","description":"Fabricaci\u00f3n, instalaci\u00f3n y venta de cierres met\u00e1licos.","publisher":{"@id":"https:\/\/persianaspermatik.es\/#organization"},"potentialAction":[{"@type":"SearchAction","target":{"@type":"EntryPoint","urlTemplate":"https:\/\/persianaspermatik.es\/?s={search_term_string}"},"query-input":{"@type":"PropertyValueSpecification","valueRequired":true,"valueName":"search_term_string"}}],"inLanguage":"eu"},{"@type":"Organization","@id":"https:\/\/persianaspermatik.es\/#organization","name":"Persianas Permatik","url":"https:\/\/persianaspermatik.es\/","logo":{"@type":"ImageObject","inLanguage":"eu","@id":"https:\/\/persianaspermatik.es\/#\/schema\/logo\/image\/","url":"https:\/\/persianaspermatik.es\/wp-content\/uploads\/2025\/03\/cropped-Logo.jpg","contentUrl":"https:\/\/persianaspermatik.es\/wp-content\/uploads\/2025\/03\/cropped-Logo.jpg","width":906,"height":168,"caption":"Persianas Permatik"},"image":{"@id":"https:\/\/persianaspermatik.es\/#\/schema\/logo\/image\/"}}]}},"jetpack_sharing_enabled":true,"_links":{"self":[{"href":"https:\/\/persianaspermatik.es\/eu\/wp-json\/wp\/v2\/product\/474","targetHints":{"allow":["GET"]}}],"collection":[{"href":"https:\/\/persianaspermatik.es\/eu\/wp-json\/wp\/v2\/product"}],"about":[{"href":"https:\/\/persianaspermatik.es\/eu\/wp-json\/wp\/v2\/types\/product"}],"replies":[{"embeddable":true,"href":"https:\/\/persianaspermatik.es\/eu\/wp-json\/wp\/v2\/comments?post=474"}],"wp:featuredmedia":[{"embeddable":true,"href":"https:\/\/persianaspermatik.es\/eu\/wp-json\/wp\/v2\/media\/475"}],"wp:attachment":[{"href":"https:\/\/persianaspermatik.es\/eu\/wp-json\/wp\/v2\/media?parent=474"}],"wp:term":[{"taxonomy":"product_brand","embeddable":true,"href":"https:\/\/persianaspermatik.es\/eu\/wp-json\/wp\/v2\/product_brand?post=474"},{"taxonomy":"product_cat","embeddable":true,"href":"https:\/\/persianaspermatik.es\/eu\/wp-json\/wp\/v2\/product_cat?post=474"},{"taxonomy":"product_tag","embeddable":true,"href":"https:\/\/persianaspermatik.es\/eu\/wp-json\/wp\/v2\/product_tag?post=474"}],"curies":[{"name":"wp","href":"https:\/\/api.w.org\/{rel}","templated":true}]}}