{"id":472,"date":"2025-05-02T15:39:42","date_gmt":"2025-05-02T15:39:42","guid":{"rendered":"https:\/\/persianaspermatik.rkinformatika.online\/?post_type=product&#038;p=472"},"modified":"2026-02-12T09:42:24","modified_gmt":"2026-02-12T09:42:24","slug":"cuadro-de-control-pujol-junior-e","status":"publish","type":"product","link":"https:\/\/persianaspermatik.es\/eu\/produktua\/cuadro-de-control-pujol-junior-e\/","title":{"rendered":"Cuadro de Control PUJOL JUNIOR E"},"content":{"rendered":"<p>Cuadro de Control JUNIOR E PRO PUJOL para Puertas Enrollables. Incorpora receptor para Emisor Vario.<br \/>\nEste cuadro de maniobras de Automatismos PUJOL dispone de entrada de maniobra protegida con diodos Zener<br \/>\nDispone de pulsador de apertura manual.<br \/>\nProtecci\u00f3n con fusible 6A de la entrada de alimentaci\u00f3n.<br \/>\nFacil instalaci\u00f3n y programaci\u00f3n.<br \/>\nReceptor integrado 433Mhz<br \/>\nN\u00famero de c\u00f3digos 31<br \/>\nAntena incorporada.<br \/>\nIncluye manual de instrucciones<\/p>","protected":false},"excerpt":{"rendered":"<p>Cuadro de control JUNIOR E PRO PUJOL para puertas enrollables. F\u00e1cil de instalar y programar, con receptor 433 MHz integrado, entrada protegida con diodos Zener, pulsador manual, antena incorporada y capacidad para 31 emisores. Incluye manual.<\/p>","protected":false},"featured_media":473,"comment_status":"open","ping_status":"closed","template":"","meta":[],"product_brand":[],"product_cat":[22],"product_tag":[],"class_list":{"0":"post-472","1":"product","2":"type-product","3":"status-publish","4":"has-post-thumbnail","6":"product_cat-cuadros-de-maniobra","8":"first","9":"instock","10":"taxable","11":"shipping-taxable","12":"purchasable","13":"product-type-simple"},"yoast_head":"<!-- This site is optimized with the Yoast SEO plugin v26.4 - https:\/\/yoast.com\/wordpress\/plugins\/seo\/ -->\n<title>Cuadro de Control PUJOL JUNIOR E - Persianas Permatik<\/title>\n<meta name=\"robots\" content=\"index, follow, max-snippet:-1, max-image-preview:large, max-video-preview:-1\" \/>\n<link rel=\"canonical\" href=\"https:\/\/persianaspermatik.es\/eu\/produktua\/cuadro-de-control-pujol-junior-e\/\" \/>\n<meta property=\"og:locale\" content=\"en_US\" \/>\n<meta property=\"og:type\" content=\"article\" \/>\n<meta property=\"og:title\" content=\"Cuadro de Control PUJOL JUNIOR E - Persianas Permatik\" \/>\n<meta property=\"og:description\" content=\"Cuadro de control JUNIOR E PRO PUJOL para puertas enrollables. F\u00e1cil de instalar y programar, con receptor 433 MHz integrado, entrada protegida con diodos Zener, pulsador manual, antena incorporada y capacidad para 31 emisores. Incluye manual.\" \/>\n<meta property=\"og:url\" content=\"https:\/\/persianaspermatik.es\/eu\/produktua\/cuadro-de-control-pujol-junior-e\/\" \/>\n<meta property=\"og:site_name\" content=\"Persianas Permatik\" \/>\n<meta property=\"article:modified_time\" content=\"2026-02-12T09:42:24+00:00\" \/>\n<meta property=\"og:image\" content=\"https:\/\/persianaspermatik.es\/wp-content\/uploads\/2025\/05\/Diseno-sin-titulo-4.png\" \/>\n\t<meta property=\"og:image:width\" content=\"500\" \/>\n\t<meta property=\"og:image:height\" content=\"500\" \/>\n\t<meta property=\"og:image:type\" content=\"image\/png\" \/>\n<meta name=\"twitter:card\" content=\"summary_large_image\" \/>\n<meta name=\"twitter:label1\" content=\"Est. reading time\" \/>\n\t<meta name=\"twitter:data1\" content=\"1 minutua\" \/>\n<script type=\"application\/ld+json\" class=\"yoast-schema-graph\">{\"@context\":\"https:\/\/schema.org\",\"@graph\":[{\"@type\":\"WebPage\",\"@id\":\"https:\/\/persianaspermatik.es\/producto\/cuadro-de-control-pujol-junior-e\/\",\"url\":\"https:\/\/persianaspermatik.es\/producto\/cuadro-de-control-pujol-junior-e\/\",\"name\":\"Cuadro de Control PUJOL JUNIOR E - Persianas Permatik\",\"isPartOf\":{\"@id\":\"https:\/\/persianaspermatik.es\/#website\"},\"primaryImageOfPage\":{\"@id\":\"https:\/\/persianaspermatik.es\/producto\/cuadro-de-control-pujol-junior-e\/#primaryimage\"},\"image\":{\"@id\":\"https:\/\/persianaspermatik.es\/producto\/cuadro-de-control-pujol-junior-e\/#primaryimage\"},\"thumbnailUrl\":\"https:\/\/persianaspermatik.es\/wp-content\/uploads\/2025\/05\/Diseno-sin-titulo-4.png\",\"datePublished\":\"2025-05-02T15:39:42+00:00\",\"dateModified\":\"2026-02-12T09:42:24+00:00\",\"breadcrumb\":{\"@id\":\"https:\/\/persianaspermatik.es\/producto\/cuadro-de-control-pujol-junior-e\/#breadcrumb\"},\"inLanguage\":\"eu\",\"potentialAction\":[{\"@type\":\"ReadAction\",\"target\":[\"https:\/\/persianaspermatik.es\/producto\/cuadro-de-control-pujol-junior-e\/\"]}]},{\"@type\":\"ImageObject\",\"inLanguage\":\"eu\",\"@id\":\"https:\/\/persianaspermatik.es\/producto\/cuadro-de-control-pujol-junior-e\/#primaryimage\",\"url\":\"https:\/\/persianaspermatik.es\/wp-content\/uploads\/2025\/05\/Diseno-sin-titulo-4.png\",\"contentUrl\":\"https:\/\/persianaspermatik.es\/wp-content\/uploads\/2025\/05\/Diseno-sin-titulo-4.png\",\"width\":500,\"height\":500},{\"@type\":\"BreadcrumbList\",\"@id\":\"https:\/\/persianaspermatik.es\/producto\/cuadro-de-control-pujol-junior-e\/#breadcrumb\",\"itemListElement\":[{\"@type\":\"ListItem\",\"position\":1,\"name\":\"Portada\",\"item\":\"https:\/\/persianaspermatik.es\/\"},{\"@type\":\"ListItem\",\"position\":2,\"name\":\"Tienda\",\"item\":\"https:\/\/persianaspermatik.es\/tienda\/\"},{\"@type\":\"ListItem\",\"position\":3,\"name\":\"Cuadro de Control PUJOL JUNIOR E\"}]},{\"@type\":\"WebSite\",\"@id\":\"https:\/\/persianaspermatik.es\/#website\",\"url\":\"https:\/\/persianaspermatik.es\/\",\"name\":\"Persianas Permatik\",\"description\":\"Fabricaci\u00f3n, instalaci\u00f3n y venta de cierres met\u00e1licos.\",\"publisher\":{\"@id\":\"https:\/\/persianaspermatik.es\/#organization\"},\"potentialAction\":[{\"@type\":\"SearchAction\",\"target\":{\"@type\":\"EntryPoint\",\"urlTemplate\":\"https:\/\/persianaspermatik.es\/?s={search_term_string}\"},\"query-input\":{\"@type\":\"PropertyValueSpecification\",\"valueRequired\":true,\"valueName\":\"search_term_string\"}}],\"inLanguage\":\"eu\"},{\"@type\":\"Organization\",\"@id\":\"https:\/\/persianaspermatik.es\/#organization\",\"name\":\"Persianas Permatik\",\"url\":\"https:\/\/persianaspermatik.es\/\",\"logo\":{\"@type\":\"ImageObject\",\"inLanguage\":\"eu\",\"@id\":\"https:\/\/persianaspermatik.es\/#\/schema\/logo\/image\/\",\"url\":\"https:\/\/persianaspermatik.es\/wp-content\/uploads\/2025\/03\/cropped-Logo.jpg\",\"contentUrl\":\"https:\/\/persianaspermatik.es\/wp-content\/uploads\/2025\/03\/cropped-Logo.jpg\",\"width\":906,\"height\":168,\"caption\":\"Persianas Permatik\"},\"image\":{\"@id\":\"https:\/\/persianaspermatik.es\/#\/schema\/logo\/image\/\"}}]}<\/script>\n<!-- \/ Yoast SEO plugin. -->","yoast_head_json":{"title":"Cuadro de Control PUJOL JUNIOR E - Persianas Permatik","robots":{"index":"index","follow":"follow","max-snippet":"max-snippet:-1","max-image-preview":"max-image-preview:large","max-video-preview":"max-video-preview:-1"},"canonical":"https:\/\/persianaspermatik.es\/eu\/produktua\/cuadro-de-control-pujol-junior-e\/","og_locale":"en_US","og_type":"article","og_title":"Cuadro de Control PUJOL JUNIOR E - Persianas Permatik","og_description":"Cuadro de control JUNIOR E PRO PUJOL para puertas enrollables. F\u00e1cil de instalar y programar, con receptor 433 MHz integrado, entrada protegida con diodos Zener, pulsador manual, antena incorporada y capacidad para 31 emisores. Incluye manual.","og_url":"https:\/\/persianaspermatik.es\/eu\/produktua\/cuadro-de-control-pujol-junior-e\/","og_site_name":"Persianas Permatik","article_modified_time":"2026-02-12T09:42:24+00:00","og_image":[{"width":500,"height":500,"url":"https:\/\/persianaspermatik.es\/wp-content\/uploads\/2025\/05\/Diseno-sin-titulo-4.png","type":"image\/png"}],"twitter_card":"summary_large_image","twitter_misc":{"Est. reading time":"1 minutua"},"schema":{"@context":"https:\/\/schema.org","@graph":[{"@type":"WebPage","@id":"https:\/\/persianaspermatik.es\/producto\/cuadro-de-control-pujol-junior-e\/","url":"https:\/\/persianaspermatik.es\/producto\/cuadro-de-control-pujol-junior-e\/","name":"Cuadro de Control PUJOL JUNIOR E - Persianas Permatik","isPartOf":{"@id":"https:\/\/persianaspermatik.es\/#website"},"primaryImageOfPage":{"@id":"https:\/\/persianaspermatik.es\/producto\/cuadro-de-control-pujol-junior-e\/#primaryimage"},"image":{"@id":"https:\/\/persianaspermatik.es\/producto\/cuadro-de-control-pujol-junior-e\/#primaryimage"},"thumbnailUrl":"https:\/\/persianaspermatik.es\/wp-content\/uploads\/2025\/05\/Diseno-sin-titulo-4.png","datePublished":"2025-05-02T15:39:42+00:00","dateModified":"2026-02-12T09:42:24+00:00","breadcrumb":{"@id":"https:\/\/persianaspermatik.es\/producto\/cuadro-de-control-pujol-junior-e\/#breadcrumb"},"inLanguage":"eu","potentialAction":[{"@type":"ReadAction","target":["https:\/\/persianaspermatik.es\/producto\/cuadro-de-control-pujol-junior-e\/"]}]},{"@type":"ImageObject","inLanguage":"eu","@id":"https:\/\/persianaspermatik.es\/producto\/cuadro-de-control-pujol-junior-e\/#primaryimage","url":"https:\/\/persianaspermatik.es\/wp-content\/uploads\/2025\/05\/Diseno-sin-titulo-4.png","contentUrl":"https:\/\/persianaspermatik.es\/wp-content\/uploads\/2025\/05\/Diseno-sin-titulo-4.png","width":500,"height":500},{"@type":"BreadcrumbList","@id":"https:\/\/persianaspermatik.es\/producto\/cuadro-de-control-pujol-junior-e\/#breadcrumb","itemListElement":[{"@type":"ListItem","position":1,"name":"Portada","item":"https:\/\/persianaspermatik.es\/"},{"@type":"ListItem","position":2,"name":"Tienda","item":"https:\/\/persianaspermatik.es\/tienda\/"},{"@type":"ListItem","position":3,"name":"Cuadro de Control PUJOL JUNIOR E"}]},{"@type":"WebSite","@id":"https:\/\/persianaspermatik.es\/#website","url":"https:\/\/persianaspermatik.es\/","name":"Persianas Permatik","description":"Fabricaci\u00f3n, instalaci\u00f3n y venta de cierres met\u00e1licos.","publisher":{"@id":"https:\/\/persianaspermatik.es\/#organization"},"potentialAction":[{"@type":"SearchAction","target":{"@type":"EntryPoint","urlTemplate":"https:\/\/persianaspermatik.es\/?s={search_term_string}"},"query-input":{"@type":"PropertyValueSpecification","valueRequired":true,"valueName":"search_term_string"}}],"inLanguage":"eu"},{"@type":"Organization","@id":"https:\/\/persianaspermatik.es\/#organization","name":"Persianas Permatik","url":"https:\/\/persianaspermatik.es\/","logo":{"@type":"ImageObject","inLanguage":"eu","@id":"https:\/\/persianaspermatik.es\/#\/schema\/logo\/image\/","url":"https:\/\/persianaspermatik.es\/wp-content\/uploads\/2025\/03\/cropped-Logo.jpg","contentUrl":"https:\/\/persianaspermatik.es\/wp-content\/uploads\/2025\/03\/cropped-Logo.jpg","width":906,"height":168,"caption":"Persianas Permatik"},"image":{"@id":"https:\/\/persianaspermatik.es\/#\/schema\/logo\/image\/"}}]}},"jetpack_sharing_enabled":true,"_links":{"self":[{"href":"https:\/\/persianaspermatik.es\/eu\/wp-json\/wp\/v2\/product\/472","targetHints":{"allow":["GET"]}}],"collection":[{"href":"https:\/\/persianaspermatik.es\/eu\/wp-json\/wp\/v2\/product"}],"about":[{"href":"https:\/\/persianaspermatik.es\/eu\/wp-json\/wp\/v2\/types\/product"}],"replies":[{"embeddable":true,"href":"https:\/\/persianaspermatik.es\/eu\/wp-json\/wp\/v2\/comments?post=472"}],"wp:featuredmedia":[{"embeddable":true,"href":"https:\/\/persianaspermatik.es\/eu\/wp-json\/wp\/v2\/media\/473"}],"wp:attachment":[{"href":"https:\/\/persianaspermatik.es\/eu\/wp-json\/wp\/v2\/media?parent=472"}],"wp:term":[{"taxonomy":"product_brand","embeddable":true,"href":"https:\/\/persianaspermatik.es\/eu\/wp-json\/wp\/v2\/product_brand?post=472"},{"taxonomy":"product_cat","embeddable":true,"href":"https:\/\/persianaspermatik.es\/eu\/wp-json\/wp\/v2\/product_cat?post=472"},{"taxonomy":"product_tag","embeddable":true,"href":"https:\/\/persianaspermatik.es\/eu\/wp-json\/wp\/v2\/product_tag?post=472"}],"curies":[{"name":"wp","href":"https:\/\/api.w.org\/{rel}","templated":true}]}}