{"id":31,"date":"2025-03-26T11:22:16","date_gmt":"2025-03-26T11:22:16","guid":{"rendered":"https:\/\/persianaspermatik.rkinformatika.online\/index.php\/carrito\/"},"modified":"2025-05-05T11:50:53","modified_gmt":"2025-05-05T11:50:53","slug":"carrito","status":"publish","type":"page","link":"https:\/\/persianaspermatik.es\/eu\/carrito\/","title":{"rendered":"Carrito"},"content":{"rendered":"<div data-block-name=\"woocommerce\/cart\" class=\"wp-block-woocommerce-cart alignwide is-loading\">\n<div data-block-name=\"woocommerce\/filled-cart-block\" class=\"wp-block-woocommerce-filled-cart-block\">\n<div data-block-name=\"woocommerce\/cart-items-block\" class=\"wp-block-woocommerce-cart-items-block\">\n<div data-block-name=\"woocommerce\/cart-line-items-block\" class=\"wp-block-woocommerce-cart-line-items-block\"><\/div>\n\n\n\n<div data-block-name=\"woocommerce\/cart-cross-sells-block\" class=\"wp-block-woocommerce-cart-cross-sells-block\">\n<h2 class=\"wp-block-heading has-large-font-size\">Puede que te interese\u2026<\/h2>\n\n\n\n<div data-block-name=\"woocommerce\/cart-cross-sells-products-block\" class=\"wp-block-woocommerce-cart-cross-sells-products-block\"><\/div>\n<\/div>\n<\/div>\n\n\n\n<div data-block-name=\"woocommerce\/cart-totals-block\" class=\"wp-block-woocommerce-cart-totals-block\">\n<div data-block-name=\"woocommerce\/cart-order-summary-block\" class=\"wp-block-woocommerce-cart-order-summary-block\">\n<div data-block-name=\"woocommerce\/cart-order-summary-heading-block\" class=\"wp-block-woocommerce-cart-order-summary-heading-block\"><\/div><div data-block-name=\"woocommerce\/cart-order-summary-coupon-form-block\" class=\"wp-block-woocommerce-cart-order-summary-coupon-form-block\"><\/div><div data-block-name=\"woocommerce\/cart-order-summary-totals-block\" class=\"wp-block-woocommerce-cart-order-summary-totals-block\">\n<div data-block-name=\"woocommerce\/cart-order-summary-subtotal-block\" class=\"wp-block-woocommerce-cart-order-summary-subtotal-block\"><\/div>\n<div data-block-name=\"woocommerce\/cart-order-summary-discount-block\" class=\"wp-block-woocommerce-cart-order-summary-discount-block\"><\/div>\n<div data-block-name=\"woocommerce\/cart-order-summary-fee-block\" class=\"wp-block-woocommerce-cart-order-summary-fee-block\"><\/div>\n<div data-block-name=\"woocommerce\/cart-order-summary-shipping-block\" class=\"wp-block-woocommerce-cart-order-summary-shipping-block\"><\/div>\n<div data-block-name=\"woocommerce\/cart-order-summary-taxes-block\" class=\"wp-block-woocommerce-cart-order-summary-taxes-block\"><\/div><\/div>\n<\/div>\n\n\n\n<div data-block-name=\"woocommerce-paypal-payments\/cart-paylater-messages\" data-pp-placement=\"cart\" data-pp-style-layout=\"text\" data-pp-style-logo-position=\"\" data-pp-style-logo-type=\"\" data-pp-style-text-color=\"\" data-pp-style-text-size=\"\" id=\"ppcp-cart-paylater-messages\" class=\"ppcp-messages\" data-partner-attribution-id=\"Woo_PPCP\"><\/div><div data-block-name=\"woocommerce\/cart-express-payment-block\" class=\"wp-block-woocommerce-cart-express-payment-block\"><\/div>\n\n\n\n<div data-block-name=\"woocommerce\/proceed-to-checkout-block\" class=\"wp-block-woocommerce-proceed-to-checkout-block\"><\/div>\n<div id=\"ppcp-recaptcha-v2-container\" style=\"margin:20px 0;\"><\/div>\n\n\n<div data-block-name=\"woocommerce\/cart-accepted-payment-methods-block\" class=\"wp-block-woocommerce-cart-accepted-payment-methods-block\"><\/div>\n<\/div>\n<\/div>\n\n\n\n<div data-block-name=\"woocommerce\/empty-cart-block\" class=\"wp-block-woocommerce-empty-cart-block\">\n<h2 class=\"wp-block-heading has-text-align-center with-empty-cart-icon wc-block-cart__empty-cart__title\">\u00a1Tu carrito est\u00e1 actualmente vac\u00edo!<\/h2>\n\n\n\n<hr class=\"wp-block-separator has-alpha-channel-opacity is-style-dots\"\/>\n\n\n\n<h2 class=\"wp-block-heading has-text-align-center\">Nuevo en la tienda<\/h2>\n\n\n<div data-block-name=\"woocommerce\/product-new\" data-columns=\"4\" data-rows=\"1\" class=\"wc-block-grid wp-block-product-new wp-block-woocommerce-product-new wc-block-product-new has-4-columns\"><ul class=\"wc-block-grid__products\"><li class=\"wc-block-grid__product\">\n\t\t\t\t<a href=\"https:\/\/persianaspermatik.es\/eu\/produktua\/lama-v-100-microperforada\/\" class=\"wc-block-grid__product-link\">\n\t\t\t\t\t\n\t\t\t\t\t<div class=\"wc-block-grid__product-image\"><img fetchpriority=\"high\" decoding=\"async\" width=\"300\" height=\"300\" src=\"https:\/\/persianaspermatik.es\/wp-content\/uploads\/2025\/05\/Diseno-sin-titulo-59-300x300.png\" class=\"attachment-woocommerce_thumbnail size-woocommerce_thumbnail\" alt=\"Lama V-100 microperforada\" srcset=\"https:\/\/persianaspermatik.es\/wp-content\/uploads\/2025\/05\/Diseno-sin-titulo-59-300x300.png 300w, https:\/\/persianaspermatik.es\/wp-content\/uploads\/2025\/05\/Diseno-sin-titulo-59-150x150.png 150w, https:\/\/persianaspermatik.es\/wp-content\/uploads\/2025\/05\/Diseno-sin-titulo-59-12x12.png 12w, https:\/\/persianaspermatik.es\/wp-content\/uploads\/2025\/05\/Diseno-sin-titulo-59-100x100.png 100w, https:\/\/persianaspermatik.es\/wp-content\/uploads\/2025\/05\/Diseno-sin-titulo-59.png 500w\" sizes=\"(max-width: 300px) 100vw, 300px\" \/><\/div>\n\t\t\t\t\t<div class=\"wc-block-grid__product-title\">Lama V-100 microperforada<\/div>\n\t\t\t\t<\/a>\n\t\t\t\t<div class=\"wc-block-grid__product-price price\"><\/div>\n\t\t\t\t\n\t\t\t\t<div class=\"wp-block-button wc-block-grid__product-add-to-cart\"><a href=\"https:\/\/persianaspermatik.es\/eu\/produktua\/lama-v-100-microperforada\/\" aria-label=\"Irakurri gehiago \u201cLama V-100 microperforada\u201d(r)i buruz\" data-quantity=\"1\" data-product_id=\"550\" data-product_sku=\"\" data-price=\"0\" rel=\"nofollow\" class=\"wp-block-button__link  add_to_cart_button\" data-no-translation=\"\" data-trp-gettext=\"\" data-no-translation-aria-label=\"\">Info gehiago<\/a><\/div>\n\t\t\t<\/li><li class=\"wc-block-grid__product\">\n\t\t\t\t<a href=\"https:\/\/persianaspermatik.es\/eu\/produktua\/lama-v-cien-con-ventana-y-metacrilato\/\" class=\"wc-block-grid__product-link\">\n\t\t\t\t\t\n\t\t\t\t\t<div class=\"wc-block-grid__product-image\"><img decoding=\"async\" width=\"300\" height=\"300\" src=\"https:\/\/persianaspermatik.es\/wp-content\/uploads\/2025\/05\/Diseno-sin-titulo-60-300x300.png\" class=\"attachment-woocommerce_thumbnail size-woocommerce_thumbnail\" alt=\"Lama V cien con ventana y metacrilato\" srcset=\"https:\/\/persianaspermatik.es\/wp-content\/uploads\/2025\/05\/Diseno-sin-titulo-60-300x300.png 300w, https:\/\/persianaspermatik.es\/wp-content\/uploads\/2025\/05\/Diseno-sin-titulo-60-150x150.png 150w, https:\/\/persianaspermatik.es\/wp-content\/uploads\/2025\/05\/Diseno-sin-titulo-60-12x12.png 12w, https:\/\/persianaspermatik.es\/wp-content\/uploads\/2025\/05\/Diseno-sin-titulo-60-100x100.png 100w, https:\/\/persianaspermatik.es\/wp-content\/uploads\/2025\/05\/Diseno-sin-titulo-60.png 500w\" sizes=\"(max-width: 300px) 100vw, 300px\" \/><\/div>\n\t\t\t\t\t<div class=\"wc-block-grid__product-title\">Lama V cien con ventana y metacrilato<\/div>\n\t\t\t\t<\/a>\n\t\t\t\t<div class=\"wc-block-grid__product-price price\"><\/div>\n\t\t\t\t\n\t\t\t\t<div class=\"wp-block-button wc-block-grid__product-add-to-cart\"><a href=\"https:\/\/persianaspermatik.es\/eu\/produktua\/lama-v-cien-con-ventana-y-metacrilato\/\" aria-label=\"Irakurri gehiago \u201cLama V cien con ventana y metacrilato\u201d(r)i buruz\" data-quantity=\"1\" data-product_id=\"548\" data-product_sku=\"\" data-price=\"0\" rel=\"nofollow\" class=\"wp-block-button__link  add_to_cart_button\" data-no-translation=\"\" data-trp-gettext=\"\" data-no-translation-aria-label=\"\">Info gehiago<\/a><\/div>\n\t\t\t<\/li><li class=\"wc-block-grid__product\">\n\t\t\t\t<a href=\"https:\/\/persianaspermatik.es\/eu\/produktua\/lama-v-100-con-ventana\/\" class=\"wc-block-grid__product-link\">\n\t\t\t\t\t\n\t\t\t\t\t<div class=\"wc-block-grid__product-image\"><img decoding=\"async\" width=\"300\" height=\"300\" src=\"https:\/\/persianaspermatik.es\/wp-content\/uploads\/2025\/05\/Diseno-sin-titulo-57-300x300.png\" class=\"attachment-woocommerce_thumbnail size-woocommerce_thumbnail\" alt=\"Lama V-100 con ventana\" srcset=\"https:\/\/persianaspermatik.es\/wp-content\/uploads\/2025\/05\/Diseno-sin-titulo-57-300x300.png 300w, https:\/\/persianaspermatik.es\/wp-content\/uploads\/2025\/05\/Diseno-sin-titulo-57-150x150.png 150w, https:\/\/persianaspermatik.es\/wp-content\/uploads\/2025\/05\/Diseno-sin-titulo-57-12x12.png 12w, https:\/\/persianaspermatik.es\/wp-content\/uploads\/2025\/05\/Diseno-sin-titulo-57-100x100.png 100w, https:\/\/persianaspermatik.es\/wp-content\/uploads\/2025\/05\/Diseno-sin-titulo-57.png 500w\" sizes=\"(max-width: 300px) 100vw, 300px\" \/><\/div>\n\t\t\t\t\t<div class=\"wc-block-grid__product-title\">Lama V-100 con ventana<\/div>\n\t\t\t\t<\/a>\n\t\t\t\t<div class=\"wc-block-grid__product-price price\"><\/div>\n\t\t\t\t\n\t\t\t\t<div class=\"wp-block-button wc-block-grid__product-add-to-cart\"><a href=\"https:\/\/persianaspermatik.es\/eu\/produktua\/lama-v-100-con-ventana\/\" aria-label=\"Irakurri gehiago \u201cLama V-100 con ventana\u201d(r)i buruz\" data-quantity=\"1\" data-product_id=\"546\" data-product_sku=\"\" data-price=\"0\" rel=\"nofollow\" class=\"wp-block-button__link  add_to_cart_button\" data-no-translation=\"\" data-trp-gettext=\"\" data-no-translation-aria-label=\"\">Info gehiago<\/a><\/div>\n\t\t\t<\/li><li class=\"wc-block-grid__product\">\n\t\t\t\t<a href=\"https:\/\/persianaspermatik.es\/eu\/produktua\/puerta-de-ballesta\/\" class=\"wc-block-grid__product-link\">\n\t\t\t\t\t\n\t\t\t\t\t<div class=\"wc-block-grid__product-image\"><img loading=\"lazy\" decoding=\"async\" width=\"300\" height=\"300\" src=\"https:\/\/persianaspermatik.es\/wp-content\/uploads\/2025\/05\/Diseno-sin-titulo-55-300x300.png\" class=\"attachment-woocommerce_thumbnail size-woocommerce_thumbnail\" alt=\"Puerta de ballesta\" srcset=\"https:\/\/persianaspermatik.es\/wp-content\/uploads\/2025\/05\/Diseno-sin-titulo-55-300x300.png 300w, https:\/\/persianaspermatik.es\/wp-content\/uploads\/2025\/05\/Diseno-sin-titulo-55-150x150.png 150w, https:\/\/persianaspermatik.es\/wp-content\/uploads\/2025\/05\/Diseno-sin-titulo-55-12x12.png 12w, https:\/\/persianaspermatik.es\/wp-content\/uploads\/2025\/05\/Diseno-sin-titulo-55-100x100.png 100w, https:\/\/persianaspermatik.es\/wp-content\/uploads\/2025\/05\/Diseno-sin-titulo-55.png 500w\" sizes=\"(max-width: 300px) 100vw, 300px\" \/><\/div>\n\t\t\t\t\t<div class=\"wc-block-grid__product-title\">Puerta de ballesta<\/div>\n\t\t\t\t<\/a>\n\t\t\t\t<div class=\"wc-block-grid__product-price price\"><\/div>\n\t\t\t\t\n\t\t\t\t<div class=\"wp-block-button wc-block-grid__product-add-to-cart\"><a href=\"https:\/\/persianaspermatik.es\/eu\/produktua\/puerta-de-ballesta\/\" aria-label=\"Irakurri gehiago \u201cPuerta de ballesta\u201d(r)i buruz\" data-quantity=\"1\" data-product_id=\"543\" data-product_sku=\"\" data-price=\"0\" rel=\"nofollow\" class=\"wp-block-button__link  add_to_cart_button\" data-no-translation=\"\" data-trp-gettext=\"\" data-no-translation-aria-label=\"\">Info gehiago<\/a><\/div>\n\t\t\t<\/li><\/ul><\/div><\/div>\n<\/div>","protected":false},"excerpt":{"rendered":"","protected":false},"author":1,"featured_media":0,"parent":0,"menu_order":0,"comment_status":"closed","ping_status":"closed","template":"","meta":{"footnotes":""},"class_list":["post-31","page","type-page","status-publish","hentry"],"yoast_head":"<!-- This site is optimized with the Yoast SEO plugin v26.4 - https:\/\/yoast.com\/wordpress\/plugins\/seo\/ -->\n<title>Carrito - Persianas Permatik<\/title>\n<meta name=\"robots\" content=\"index, follow, max-snippet:-1, max-image-preview:large, max-video-preview:-1\" \/>\n<link rel=\"canonical\" href=\"https:\/\/persianaspermatik.es\/eu\/carrito\/\" \/>\n<meta property=\"og:locale\" content=\"en_US\" \/>\n<meta property=\"og:type\" content=\"article\" \/>\n<meta property=\"og:title\" content=\"Carrito - Persianas Permatik\" \/>\n<meta property=\"og:url\" content=\"https:\/\/persianaspermatik.es\/eu\/carrito\/\" \/>\n<meta property=\"og:site_name\" content=\"Persianas Permatik\" \/>\n<meta property=\"article:modified_time\" content=\"2025-05-05T11:50:53+00:00\" \/>\n<meta name=\"twitter:card\" content=\"summary_large_image\" \/>\n<script type=\"application\/ld+json\" class=\"yoast-schema-graph\">{\"@context\":\"https:\/\/schema.org\",\"@graph\":[{\"@type\":\"WebPage\",\"@id\":\"https:\/\/persianaspermatik.es\/carrito\/\",\"url\":\"https:\/\/persianaspermatik.es\/carrito\/\",\"name\":\"Carrito - Persianas Permatik\",\"isPartOf\":{\"@id\":\"https:\/\/persianaspermatik.es\/#website\"},\"datePublished\":\"2025-03-26T11:22:16+00:00\",\"dateModified\":\"2025-05-05T11:50:53+00:00\",\"breadcrumb\":{\"@id\":\"https:\/\/persianaspermatik.es\/carrito\/#breadcrumb\"},\"inLanguage\":\"eu\",\"potentialAction\":[{\"@type\":\"ReadAction\",\"target\":[\"https:\/\/persianaspermatik.es\/carrito\/\"]}]},{\"@type\":\"BreadcrumbList\",\"@id\":\"https:\/\/persianaspermatik.es\/carrito\/#breadcrumb\",\"itemListElement\":[{\"@type\":\"ListItem\",\"position\":1,\"name\":\"Portada\",\"item\":\"https:\/\/persianaspermatik.es\/\"},{\"@type\":\"ListItem\",\"position\":2,\"name\":\"Carrito\"}]},{\"@type\":\"WebSite\",\"@id\":\"https:\/\/persianaspermatik.es\/#website\",\"url\":\"https:\/\/persianaspermatik.es\/\",\"name\":\"Persianas Permatik\",\"description\":\"Fabricaci\u00f3n, instalaci\u00f3n y venta de cierres met\u00e1licos.\",\"publisher\":{\"@id\":\"https:\/\/persianaspermatik.es\/#organization\"},\"potentialAction\":[{\"@type\":\"SearchAction\",\"target\":{\"@type\":\"EntryPoint\",\"urlTemplate\":\"https:\/\/persianaspermatik.es\/?s={search_term_string}\"},\"query-input\":{\"@type\":\"PropertyValueSpecification\",\"valueRequired\":true,\"valueName\":\"search_term_string\"}}],\"inLanguage\":\"eu\"},{\"@type\":\"Organization\",\"@id\":\"https:\/\/persianaspermatik.es\/#organization\",\"name\":\"Persianas Permatik\",\"url\":\"https:\/\/persianaspermatik.es\/\",\"logo\":{\"@type\":\"ImageObject\",\"inLanguage\":\"eu\",\"@id\":\"https:\/\/persianaspermatik.es\/#\/schema\/logo\/image\/\",\"url\":\"https:\/\/persianaspermatik.es\/wp-content\/uploads\/2025\/03\/cropped-Logo.jpg\",\"contentUrl\":\"https:\/\/persianaspermatik.es\/wp-content\/uploads\/2025\/03\/cropped-Logo.jpg\",\"width\":906,\"height\":168,\"caption\":\"Persianas Permatik\"},\"image\":{\"@id\":\"https:\/\/persianaspermatik.es\/#\/schema\/logo\/image\/\"}}]}<\/script>\n<!-- \/ Yoast SEO plugin. -->","yoast_head_json":{"title":"Carrito - Persianas Permatik","robots":{"index":"index","follow":"follow","max-snippet":"max-snippet:-1","max-image-preview":"max-image-preview:large","max-video-preview":"max-video-preview:-1"},"canonical":"https:\/\/persianaspermatik.es\/eu\/carrito\/","og_locale":"en_US","og_type":"article","og_title":"Carrito - Persianas Permatik","og_url":"https:\/\/persianaspermatik.es\/eu\/carrito\/","og_site_name":"Persianas Permatik","article_modified_time":"2025-05-05T11:50:53+00:00","twitter_card":"summary_large_image","schema":{"@context":"https:\/\/schema.org","@graph":[{"@type":"WebPage","@id":"https:\/\/persianaspermatik.es\/carrito\/","url":"https:\/\/persianaspermatik.es\/carrito\/","name":"Carrito - Persianas Permatik","isPartOf":{"@id":"https:\/\/persianaspermatik.es\/#website"},"datePublished":"2025-03-26T11:22:16+00:00","dateModified":"2025-05-05T11:50:53+00:00","breadcrumb":{"@id":"https:\/\/persianaspermatik.es\/carrito\/#breadcrumb"},"inLanguage":"eu","potentialAction":[{"@type":"ReadAction","target":["https:\/\/persianaspermatik.es\/carrito\/"]}]},{"@type":"BreadcrumbList","@id":"https:\/\/persianaspermatik.es\/carrito\/#breadcrumb","itemListElement":[{"@type":"ListItem","position":1,"name":"Portada","item":"https:\/\/persianaspermatik.es\/"},{"@type":"ListItem","position":2,"name":"Carrito"}]},{"@type":"WebSite","@id":"https:\/\/persianaspermatik.es\/#website","url":"https:\/\/persianaspermatik.es\/","name":"Persianas Permatik","description":"Fabricaci\u00f3n, instalaci\u00f3n y venta de cierres met\u00e1licos.","publisher":{"@id":"https:\/\/persianaspermatik.es\/#organization"},"potentialAction":[{"@type":"SearchAction","target":{"@type":"EntryPoint","urlTemplate":"https:\/\/persianaspermatik.es\/?s={search_term_string}"},"query-input":{"@type":"PropertyValueSpecification","valueRequired":true,"valueName":"search_term_string"}}],"inLanguage":"eu"},{"@type":"Organization","@id":"https:\/\/persianaspermatik.es\/#organization","name":"Persianas Permatik","url":"https:\/\/persianaspermatik.es\/","logo":{"@type":"ImageObject","inLanguage":"eu","@id":"https:\/\/persianaspermatik.es\/#\/schema\/logo\/image\/","url":"https:\/\/persianaspermatik.es\/wp-content\/uploads\/2025\/03\/cropped-Logo.jpg","contentUrl":"https:\/\/persianaspermatik.es\/wp-content\/uploads\/2025\/03\/cropped-Logo.jpg","width":906,"height":168,"caption":"Persianas Permatik"},"image":{"@id":"https:\/\/persianaspermatik.es\/#\/schema\/logo\/image\/"}}]}},"jetpack_sharing_enabled":true,"_links":{"self":[{"href":"https:\/\/persianaspermatik.es\/eu\/wp-json\/wp\/v2\/pages\/31","targetHints":{"allow":["GET"]}}],"collection":[{"href":"https:\/\/persianaspermatik.es\/eu\/wp-json\/wp\/v2\/pages"}],"about":[{"href":"https:\/\/persianaspermatik.es\/eu\/wp-json\/wp\/v2\/types\/page"}],"author":[{"embeddable":true,"href":"https:\/\/persianaspermatik.es\/eu\/wp-json\/wp\/v2\/users\/1"}],"replies":[{"embeddable":true,"href":"https:\/\/persianaspermatik.es\/eu\/wp-json\/wp\/v2\/comments?post=31"}],"version-history":[{"count":1,"href":"https:\/\/persianaspermatik.es\/eu\/wp-json\/wp\/v2\/pages\/31\/revisions"}],"predecessor-version":[{"id":607,"href":"https:\/\/persianaspermatik.es\/eu\/wp-json\/wp\/v2\/pages\/31\/revisions\/607"}],"wp:attachment":[{"href":"https:\/\/persianaspermatik.es\/eu\/wp-json\/wp\/v2\/media?parent=31"}],"curies":[{"name":"wp","href":"https:\/\/api.w.org\/{rel}","templated":true}]}}