{"id":128,"date":"2025-04-30T15:30:28","date_gmt":"2025-04-30T15:30:28","guid":{"rendered":"https:\/\/persianaspermatik.rkinformatika.online\/?page_id=128"},"modified":"2025-05-05T11:58:01","modified_gmt":"2025-05-05T11:58:01","slug":"servicios","status":"publish","type":"page","link":"https:\/\/persianaspermatik.es\/eu\/servicios\/","title":{"rendered":"Servicios"},"content":{"rendered":"<div data-elementor-type=\"wp-page\" data-elementor-id=\"128\" class=\"elementor elementor-128\" data-elementor-post-type=\"page\">\n\t\t\t\t<div class=\"elementor-element elementor-element-8013376 e-flex e-con-boxed e-con e-parent\" data-id=\"8013376\" data-element_type=\"container\" data-settings=\"{&quot;background_background&quot;:&quot;classic&quot;}\">\n\t\t\t\t\t<div class=\"e-con-inner\">\n\t\t\t\t<div class=\"elementor-element elementor-element-67dbc51 elementor-widget elementor-widget-heading\" data-id=\"67dbc51\" data-element_type=\"widget\" data-widget_type=\"heading.default\">\n\t\t\t\t<div class=\"elementor-widget-container\">\n\t\t\t\t\t<h2 class=\"elementor-heading-title elementor-size-default\">SERVICIOS<\/h2>\t\t\t\t<\/div>\n\t\t\t\t<\/div>\n\t\t\t\t\t<\/div>\n\t\t\t\t<\/div>\n\t\t<div class=\"elementor-element elementor-element-0c64fa1 e-flex e-con-boxed e-con e-parent\" data-id=\"0c64fa1\" data-element_type=\"container\" data-settings=\"{&quot;background_background&quot;:&quot;classic&quot;}\">\n\t\t\t\t\t<div class=\"e-con-inner\">\n\t\t\t\t<div class=\"elementor-element elementor-element-0ff8ba7 elementor-widget elementor-widget-heading\" data-id=\"0ff8ba7\" data-element_type=\"widget\" data-widget_type=\"heading.default\">\n\t\t\t\t<div class=\"elementor-widget-container\">\n\t\t\t\t\t<h2 class=\"elementor-heading-title elementor-size-default\">En Permatik, ofrecemos un servicio integral para cubrir todas las necesidades relacionadas con cierres met\u00e1licos, siempre con un enfoque en la calidad<\/h2>\t\t\t\t<\/div>\n\t\t\t\t<\/div>\n\t\t\t\t\t<\/div>\n\t\t\t\t<\/div>\n\t\t<div class=\"elementor-element elementor-element-1004cf7 e-flex e-con-boxed e-con e-parent\" data-id=\"1004cf7\" data-element_type=\"container\">\n\t\t\t\t\t<div class=\"e-con-inner\">\n\t\t\t\t<div class=\"elementor-element elementor-element-bcddc01 elementor-position-left elementor-vertical-align-top elementor-widget elementor-widget-image-box\" data-id=\"bcddc01\" data-element_type=\"widget\" data-widget_type=\"image-box.default\">\n\t\t\t\t<div class=\"elementor-widget-container\">\n\t\t\t\t\t<div class=\"elementor-image-box-wrapper\"><figure class=\"elementor-image-box-img\"><img fetchpriority=\"high\" decoding=\"async\" width=\"1500\" height=\"1001\" src=\"https:\/\/persianaspermatik.es\/wp-content\/uploads\/2025\/05\/50175.jpg\" class=\"attachment-full size-full wp-image-275\" alt=\"\" srcset=\"https:\/\/persianaspermatik.es\/wp-content\/uploads\/2025\/05\/50175.jpg 1500w, https:\/\/persianaspermatik.es\/wp-content\/uploads\/2025\/05\/50175-300x200.jpg 300w, https:\/\/persianaspermatik.es\/wp-content\/uploads\/2025\/05\/50175-1024x683.jpg 1024w, https:\/\/persianaspermatik.es\/wp-content\/uploads\/2025\/05\/50175-768x513.jpg 768w, https:\/\/persianaspermatik.es\/wp-content\/uploads\/2025\/05\/50175-18x12.jpg 18w, https:\/\/persianaspermatik.es\/wp-content\/uploads\/2025\/05\/50175-600x400.jpg 600w\" sizes=\"(max-width: 1500px) 100vw, 1500px\" \/><\/figure><div class=\"elementor-image-box-content\"><h3 class=\"elementor-image-box-title\">Fabricaci\u00f3n a medida:<\/h3><p class=\"elementor-image-box-description\">Dise\u00f1amos y fabricamos soluciones personalizadas que se adaptan perfectamente a cada espacio y necesidad, tanto en entornos residenciales como industriales.<\/p><\/div><\/div>\t\t\t\t<\/div>\n\t\t\t\t<\/div>\n\t\t\t\t\t<\/div>\n\t\t\t\t<\/div>\n\t\t<div class=\"elementor-element elementor-element-221cf0d e-flex e-con-boxed e-con e-parent\" data-id=\"221cf0d\" data-element_type=\"container\">\n\t\t\t\t\t<div class=\"e-con-inner\">\n\t\t\t\t<div class=\"elementor-element elementor-element-2e394df elementor-position-left elementor-vertical-align-top elementor-widget elementor-widget-image-box\" data-id=\"2e394df\" data-element_type=\"widget\" data-widget_type=\"image-box.default\">\n\t\t\t\t<div class=\"elementor-widget-container\">\n\t\t\t\t\t<div class=\"elementor-image-box-wrapper\"><figure class=\"elementor-image-box-img\"><img decoding=\"async\" width=\"1500\" height=\"1029\" src=\"https:\/\/persianaspermatik.es\/wp-content\/uploads\/2025\/05\/1849.jpg\" class=\"attachment-full size-full wp-image-579\" alt=\"\" srcset=\"https:\/\/persianaspermatik.es\/wp-content\/uploads\/2025\/05\/1849.jpg 1500w, https:\/\/persianaspermatik.es\/wp-content\/uploads\/2025\/05\/1849-300x206.jpg 300w, https:\/\/persianaspermatik.es\/wp-content\/uploads\/2025\/05\/1849-1024x702.jpg 1024w, https:\/\/persianaspermatik.es\/wp-content\/uploads\/2025\/05\/1849-768x527.jpg 768w, https:\/\/persianaspermatik.es\/wp-content\/uploads\/2025\/05\/1849-18x12.jpg 18w, https:\/\/persianaspermatik.es\/wp-content\/uploads\/2025\/05\/1849-600x412.jpg 600w\" sizes=\"(max-width: 1500px) 100vw, 1500px\" \/><\/figure><div class=\"elementor-image-box-content\"><h3 class=\"elementor-image-box-title\">Instalaci\u00f3n profesional de persianas met\u00e1licas:<\/h3><p class=\"elementor-image-box-description\">Nuestro equipo t\u00e9cnico se encarga de realizar instalaciones precisas y seguras, garantizando un funcionamiento \u00f3ptimo desde el primer d\u00eda.<\/p><\/div><\/div>\t\t\t\t<\/div>\n\t\t\t\t<\/div>\n\t\t\t\t\t<\/div>\n\t\t\t\t<\/div>\n\t\t<div class=\"elementor-element elementor-element-7c315ba e-flex e-con-boxed e-con e-parent\" data-id=\"7c315ba\" data-element_type=\"container\">\n\t\t\t\t\t<div class=\"e-con-inner\">\n\t\t\t\t<div class=\"elementor-element elementor-element-77a64d1 elementor-position-left elementor-vertical-align-top elementor-widget elementor-widget-image-box\" data-id=\"77a64d1\" data-element_type=\"widget\" data-widget_type=\"image-box.default\">\n\t\t\t\t<div class=\"elementor-widget-container\">\n\t\t\t\t\t<div class=\"elementor-image-box-wrapper\"><figure class=\"elementor-image-box-img\"><img decoding=\"async\" width=\"1500\" height=\"1001\" src=\"https:\/\/persianaspermatik.es\/wp-content\/uploads\/2025\/05\/408.jpg\" class=\"attachment-full size-full wp-image-580\" alt=\"\" srcset=\"https:\/\/persianaspermatik.es\/wp-content\/uploads\/2025\/05\/408.jpg 1500w, https:\/\/persianaspermatik.es\/wp-content\/uploads\/2025\/05\/408-300x200.jpg 300w, https:\/\/persianaspermatik.es\/wp-content\/uploads\/2025\/05\/408-1024x683.jpg 1024w, https:\/\/persianaspermatik.es\/wp-content\/uploads\/2025\/05\/408-768x513.jpg 768w, https:\/\/persianaspermatik.es\/wp-content\/uploads\/2025\/05\/408-18x12.jpg 18w, https:\/\/persianaspermatik.es\/wp-content\/uploads\/2025\/05\/408-600x400.jpg 600w\" sizes=\"(max-width: 1500px) 100vw, 1500px\" \/><\/figure><div class=\"elementor-image-box-content\"><h3 class=\"elementor-image-box-title\">Mantenimiento y reparaci\u00f3n de sistemas de cierre:<\/h3><p class=\"elementor-image-box-description\">Ofrecemos servicio t\u00e9cnico r\u00e1pido y eficaz para mantener tus sistemas en perfecto estado, previniendo fallos y alargando su vida \u00fatil.<\/p><\/div><\/div>\t\t\t\t<\/div>\n\t\t\t\t<\/div>\n\t\t\t\t\t<\/div>\n\t\t\t\t<\/div>\n\t\t<div class=\"elementor-element elementor-element-e928d56 e-flex e-con-boxed e-con e-parent\" data-id=\"e928d56\" data-element_type=\"container\">\n\t\t\t\t\t<div class=\"e-con-inner\">\n\t\t\t\t<div class=\"elementor-element elementor-element-8257948 elementor-position-left elementor-vertical-align-top elementor-widget elementor-widget-image-box\" data-id=\"8257948\" data-element_type=\"widget\" data-widget_type=\"image-box.default\">\n\t\t\t\t<div class=\"elementor-widget-container\">\n\t\t\t\t\t<div class=\"elementor-image-box-wrapper\"><figure class=\"elementor-image-box-img\"><img loading=\"lazy\" decoding=\"async\" width=\"1500\" height=\"844\" src=\"https:\/\/persianaspermatik.es\/wp-content\/uploads\/2025\/05\/15493823.jpg\" class=\"attachment-full size-full wp-image-584\" alt=\"\" srcset=\"https:\/\/persianaspermatik.es\/wp-content\/uploads\/2025\/05\/15493823.jpg 1500w, https:\/\/persianaspermatik.es\/wp-content\/uploads\/2025\/05\/15493823-300x169.jpg 300w, https:\/\/persianaspermatik.es\/wp-content\/uploads\/2025\/05\/15493823-1024x576.jpg 1024w, https:\/\/persianaspermatik.es\/wp-content\/uploads\/2025\/05\/15493823-768x432.jpg 768w, https:\/\/persianaspermatik.es\/wp-content\/uploads\/2025\/05\/15493823-18x10.jpg 18w, https:\/\/persianaspermatik.es\/wp-content\/uploads\/2025\/05\/15493823-600x338.jpg 600w\" sizes=\"(max-width: 1500px) 100vw, 1500px\" \/><\/figure><div class=\"elementor-image-box-content\"><h3 class=\"elementor-image-box-title\">Asesoramiento t\u00e9cnico personalizado:<\/h3><p class=\"elementor-image-box-description\">Acompa\u00f1amos a nuestros clientes desde la primera consulta, aportando soluciones t\u00e9cnicas adaptadas a cada proyecto, con cercan\u00eda y profesionalismo.\n\n<\/p><\/div><\/div>\t\t\t\t<\/div>\n\t\t\t\t<\/div>\n\t\t\t\t\t<\/div>\n\t\t\t\t<\/div>\n\t\t<div class=\"elementor-element elementor-element-3b66406 e-flex e-con-boxed e-con e-parent\" data-id=\"3b66406\" data-element_type=\"container\">\n\t\t\t\t\t<div class=\"e-con-inner\">\n\t\t\t\t<div class=\"elementor-element elementor-element-bf63fd2 elementor-cta--skin-cover elementor-animated-content elementor-bg-transform elementor-bg-transform-zoom-in elementor-widget elementor-widget-call-to-action\" data-id=\"bf63fd2\" data-element_type=\"widget\" data-widget_type=\"call-to-action.default\">\n\t\t\t\t<div class=\"elementor-widget-container\">\n\t\t\t\t\t\t\t<div class=\"elementor-cta\">\n\t\t\t\t\t<div class=\"elementor-cta__bg-wrapper\">\n\t\t\t\t<div class=\"elementor-cta__bg elementor-bg\" style=\"background-image: url(https:\/\/persianaspermatik.es\/wp-content\/uploads\/2025\/05\/2149207751.jpg);\" role=\"img\" aria-label=\"2149207751\"><\/div>\n\t\t\t\t<div class=\"elementor-cta__bg-overlay\"><\/div>\n\t\t\t<\/div>\n\t\t\t\t\t\t\t<div class=\"elementor-cta__content\">\n\t\t\t\t\n\t\t\t\t\t\t\t\t\t<h2 class=\"elementor-cta__title elementor-cta__content-item elementor-content-item elementor-animated-item--grow\">\n\t\t\t\t\t\tP\u00f3ngase en contacto con nosotros\t\t\t\t\t<\/h2>\n\t\t\t\t\n\t\t\t\t\t\t\t\t\t<div class=\"elementor-cta__description elementor-cta__content-item elementor-content-item elementor-animated-item--grow\">\n\t\t\t\t\t\tEstamos a su disposici\u00f3n para cualquier consulta t\u00e9cnica o comercial.\t\t\t\t\t<\/div>\n\t\t\t\t\n\t\t\t\t\t\t\t\t\t<div class=\"elementor-cta__button-wrapper elementor-cta__content-item elementor-content-item elementor-animated-item--grow\">\n\t\t\t\t\t<a class=\"elementor-cta__button elementor-button elementor-size-\" href=\"https:\/\/persianaspermatik.es\/index.php\/contacto\/\">\n\t\t\t\t\t\tContactos\t\t\t\t\t<\/a>\n\t\t\t\t\t<\/div>\n\t\t\t\t\t\t\t<\/div>\n\t\t\t\t\t\t<\/div>\n\t\t\t\t\t\t<\/div>\n\t\t\t\t<\/div>\n\t\t\t\t\t<\/div>\n\t\t\t\t<\/div>\n\t\t\t\t<\/div>","protected":false},"excerpt":{"rendered":"<p>SERVICIOS En Permatik, ofrecemos un servicio integral para cubrir todas las necesidades relacionadas con cierres met\u00e1licos, siempre con un enfoque en la calidad Fabricaci\u00f3n a medida: Dise\u00f1amos y fabricamos soluciones personalizadas que se adaptan perfectamente a cada espacio y necesidad, tanto en entornos residenciales como industriales. Instalaci\u00f3n profesional de persianas met\u00e1licas: Nuestro equipo t\u00e9cnico se [&hellip;]<\/p>","protected":false},"author":1,"featured_media":0,"parent":0,"menu_order":0,"comment_status":"closed","ping_status":"closed","template":"","meta":{"footnotes":""},"class_list":["post-128","page","type-page","status-publish","hentry"],"yoast_head":"<!-- This site is optimized with the Yoast SEO plugin v26.4 - https:\/\/yoast.com\/wordpress\/plugins\/seo\/ -->\n<title>Servicios - Persianas Permatik<\/title>\n<meta name=\"robots\" content=\"index, follow, max-snippet:-1, max-image-preview:large, max-video-preview:-1\" \/>\n<link rel=\"canonical\" href=\"https:\/\/persianaspermatik.es\/eu\/servicios\/\" \/>\n<meta property=\"og:locale\" content=\"en_US\" \/>\n<meta property=\"og:type\" content=\"article\" \/>\n<meta property=\"og:title\" content=\"Servicios - Persianas Permatik\" \/>\n<meta property=\"og:description\" content=\"SERVICIOS En Permatik, ofrecemos un servicio integral para cubrir todas las necesidades relacionadas con cierres met\u00e1licos, siempre con un enfoque en la calidad Fabricaci\u00f3n a medida: Dise\u00f1amos y fabricamos soluciones personalizadas que se adaptan perfectamente a cada espacio y necesidad, tanto en entornos residenciales como industriales. Instalaci\u00f3n profesional de persianas met\u00e1licas: Nuestro equipo t\u00e9cnico se [&hellip;]\" \/>\n<meta property=\"og:url\" content=\"https:\/\/persianaspermatik.es\/eu\/servicios\/\" \/>\n<meta property=\"og:site_name\" content=\"Persianas Permatik\" \/>\n<meta property=\"article:modified_time\" content=\"2025-05-05T11:58:01+00:00\" \/>\n<meta property=\"og:image\" content=\"https:\/\/persianaspermatik.es\/wp-content\/uploads\/2025\/05\/50175.jpg\" \/>\n<meta name=\"twitter:card\" content=\"summary_large_image\" \/>\n<meta name=\"twitter:label1\" content=\"Est. reading time\" \/>\n\t<meta name=\"twitter:data1\" content=\"2 minutua\" \/>\n<script type=\"application\/ld+json\" class=\"yoast-schema-graph\">{\"@context\":\"https:\/\/schema.org\",\"@graph\":[{\"@type\":\"WebPage\",\"@id\":\"https:\/\/persianaspermatik.es\/servicios\/\",\"url\":\"https:\/\/persianaspermatik.es\/servicios\/\",\"name\":\"Servicios - Persianas Permatik\",\"isPartOf\":{\"@id\":\"https:\/\/persianaspermatik.es\/#website\"},\"primaryImageOfPage\":{\"@id\":\"https:\/\/persianaspermatik.es\/servicios\/#primaryimage\"},\"image\":{\"@id\":\"https:\/\/persianaspermatik.es\/servicios\/#primaryimage\"},\"thumbnailUrl\":\"https:\/\/persianaspermatik.es\/wp-content\/uploads\/2025\/05\/50175.jpg\",\"datePublished\":\"2025-04-30T15:30:28+00:00\",\"dateModified\":\"2025-05-05T11:58:01+00:00\",\"breadcrumb\":{\"@id\":\"https:\/\/persianaspermatik.es\/servicios\/#breadcrumb\"},\"inLanguage\":\"eu\",\"potentialAction\":[{\"@type\":\"ReadAction\",\"target\":[\"https:\/\/persianaspermatik.es\/servicios\/\"]}]},{\"@type\":\"ImageObject\",\"inLanguage\":\"eu\",\"@id\":\"https:\/\/persianaspermatik.es\/servicios\/#primaryimage\",\"url\":\"https:\/\/persianaspermatik.es\/wp-content\/uploads\/2025\/05\/50175.jpg\",\"contentUrl\":\"https:\/\/persianaspermatik.es\/wp-content\/uploads\/2025\/05\/50175.jpg\"},{\"@type\":\"BreadcrumbList\",\"@id\":\"https:\/\/persianaspermatik.es\/servicios\/#breadcrumb\",\"itemListElement\":[{\"@type\":\"ListItem\",\"position\":1,\"name\":\"Portada\",\"item\":\"https:\/\/persianaspermatik.es\/\"},{\"@type\":\"ListItem\",\"position\":2,\"name\":\"Servicios\"}]},{\"@type\":\"WebSite\",\"@id\":\"https:\/\/persianaspermatik.es\/#website\",\"url\":\"https:\/\/persianaspermatik.es\/\",\"name\":\"Persianas Permatik\",\"description\":\"Fabricaci\u00f3n, instalaci\u00f3n y venta de cierres met\u00e1licos.\",\"publisher\":{\"@id\":\"https:\/\/persianaspermatik.es\/#organization\"},\"potentialAction\":[{\"@type\":\"SearchAction\",\"target\":{\"@type\":\"EntryPoint\",\"urlTemplate\":\"https:\/\/persianaspermatik.es\/?s={search_term_string}\"},\"query-input\":{\"@type\":\"PropertyValueSpecification\",\"valueRequired\":true,\"valueName\":\"search_term_string\"}}],\"inLanguage\":\"eu\"},{\"@type\":\"Organization\",\"@id\":\"https:\/\/persianaspermatik.es\/#organization\",\"name\":\"Persianas Permatik\",\"url\":\"https:\/\/persianaspermatik.es\/\",\"logo\":{\"@type\":\"ImageObject\",\"inLanguage\":\"eu\",\"@id\":\"https:\/\/persianaspermatik.es\/#\/schema\/logo\/image\/\",\"url\":\"https:\/\/persianaspermatik.es\/wp-content\/uploads\/2025\/03\/cropped-Logo.jpg\",\"contentUrl\":\"https:\/\/persianaspermatik.es\/wp-content\/uploads\/2025\/03\/cropped-Logo.jpg\",\"width\":906,\"height\":168,\"caption\":\"Persianas Permatik\"},\"image\":{\"@id\":\"https:\/\/persianaspermatik.es\/#\/schema\/logo\/image\/\"}}]}<\/script>\n<!-- \/ Yoast SEO plugin. -->","yoast_head_json":{"title":"Servicios - Persianas Permatik","robots":{"index":"index","follow":"follow","max-snippet":"max-snippet:-1","max-image-preview":"max-image-preview:large","max-video-preview":"max-video-preview:-1"},"canonical":"https:\/\/persianaspermatik.es\/eu\/servicios\/","og_locale":"en_US","og_type":"article","og_title":"Servicios - Persianas Permatik","og_description":"SERVICIOS En Permatik, ofrecemos un servicio integral para cubrir todas las necesidades relacionadas con cierres met\u00e1licos, siempre con un enfoque en la calidad Fabricaci\u00f3n a medida: Dise\u00f1amos y fabricamos soluciones personalizadas que se adaptan perfectamente a cada espacio y necesidad, tanto en entornos residenciales como industriales. Instalaci\u00f3n profesional de persianas met\u00e1licas: Nuestro equipo t\u00e9cnico se [&hellip;]","og_url":"https:\/\/persianaspermatik.es\/eu\/servicios\/","og_site_name":"Persianas Permatik","article_modified_time":"2025-05-05T11:58:01+00:00","og_image":[{"url":"https:\/\/persianaspermatik.es\/wp-content\/uploads\/2025\/05\/50175.jpg","type":"","width":"","height":""}],"twitter_card":"summary_large_image","twitter_misc":{"Est. reading time":"2 minutua"},"schema":{"@context":"https:\/\/schema.org","@graph":[{"@type":"WebPage","@id":"https:\/\/persianaspermatik.es\/servicios\/","url":"https:\/\/persianaspermatik.es\/servicios\/","name":"Servicios - Persianas Permatik","isPartOf":{"@id":"https:\/\/persianaspermatik.es\/#website"},"primaryImageOfPage":{"@id":"https:\/\/persianaspermatik.es\/servicios\/#primaryimage"},"image":{"@id":"https:\/\/persianaspermatik.es\/servicios\/#primaryimage"},"thumbnailUrl":"https:\/\/persianaspermatik.es\/wp-content\/uploads\/2025\/05\/50175.jpg","datePublished":"2025-04-30T15:30:28+00:00","dateModified":"2025-05-05T11:58:01+00:00","breadcrumb":{"@id":"https:\/\/persianaspermatik.es\/servicios\/#breadcrumb"},"inLanguage":"eu","potentialAction":[{"@type":"ReadAction","target":["https:\/\/persianaspermatik.es\/servicios\/"]}]},{"@type":"ImageObject","inLanguage":"eu","@id":"https:\/\/persianaspermatik.es\/servicios\/#primaryimage","url":"https:\/\/persianaspermatik.es\/wp-content\/uploads\/2025\/05\/50175.jpg","contentUrl":"https:\/\/persianaspermatik.es\/wp-content\/uploads\/2025\/05\/50175.jpg"},{"@type":"BreadcrumbList","@id":"https:\/\/persianaspermatik.es\/servicios\/#breadcrumb","itemListElement":[{"@type":"ListItem","position":1,"name":"Portada","item":"https:\/\/persianaspermatik.es\/"},{"@type":"ListItem","position":2,"name":"Servicios"}]},{"@type":"WebSite","@id":"https:\/\/persianaspermatik.es\/#website","url":"https:\/\/persianaspermatik.es\/","name":"Persianas Permatik","description":"Fabricaci\u00f3n, instalaci\u00f3n y venta de cierres met\u00e1licos.","publisher":{"@id":"https:\/\/persianaspermatik.es\/#organization"},"potentialAction":[{"@type":"SearchAction","target":{"@type":"EntryPoint","urlTemplate":"https:\/\/persianaspermatik.es\/?s={search_term_string}"},"query-input":{"@type":"PropertyValueSpecification","valueRequired":true,"valueName":"search_term_string"}}],"inLanguage":"eu"},{"@type":"Organization","@id":"https:\/\/persianaspermatik.es\/#organization","name":"Persianas Permatik","url":"https:\/\/persianaspermatik.es\/","logo":{"@type":"ImageObject","inLanguage":"eu","@id":"https:\/\/persianaspermatik.es\/#\/schema\/logo\/image\/","url":"https:\/\/persianaspermatik.es\/wp-content\/uploads\/2025\/03\/cropped-Logo.jpg","contentUrl":"https:\/\/persianaspermatik.es\/wp-content\/uploads\/2025\/03\/cropped-Logo.jpg","width":906,"height":168,"caption":"Persianas Permatik"},"image":{"@id":"https:\/\/persianaspermatik.es\/#\/schema\/logo\/image\/"}}]}},"jetpack_sharing_enabled":true,"_links":{"self":[{"href":"https:\/\/persianaspermatik.es\/eu\/wp-json\/wp\/v2\/pages\/128","targetHints":{"allow":["GET"]}}],"collection":[{"href":"https:\/\/persianaspermatik.es\/eu\/wp-json\/wp\/v2\/pages"}],"about":[{"href":"https:\/\/persianaspermatik.es\/eu\/wp-json\/wp\/v2\/types\/page"}],"author":[{"embeddable":true,"href":"https:\/\/persianaspermatik.es\/eu\/wp-json\/wp\/v2\/users\/1"}],"replies":[{"embeddable":true,"href":"https:\/\/persianaspermatik.es\/eu\/wp-json\/wp\/v2\/comments?post=128"}],"version-history":[{"count":83,"href":"https:\/\/persianaspermatik.es\/eu\/wp-json\/wp\/v2\/pages\/128\/revisions"}],"predecessor-version":[{"id":619,"href":"https:\/\/persianaspermatik.es\/eu\/wp-json\/wp\/v2\/pages\/128\/revisions\/619"}],"wp:attachment":[{"href":"https:\/\/persianaspermatik.es\/eu\/wp-json\/wp\/v2\/media?parent=128"}],"curies":[{"name":"wp","href":"https:\/\/api.w.org\/{rel}","templated":true}]}}