{"id":120,"date":"2025-04-30T15:25:39","date_gmt":"2025-04-30T15:25:39","guid":{"rendered":"https:\/\/persianaspermatik.rkinformatika.online\/?page_id=120"},"modified":"2025-04-30T15:28:38","modified_gmt":"2025-04-30T15:28:38","slug":"politica-de-envio","status":"publish","type":"page","link":"https:\/\/persianaspermatik.es\/eu\/politica-de-envio\/","title":{"rendered":"Pol\u00edtica de env\u00edo"},"content":{"rendered":"<div data-elementor-type=\"wp-page\" data-elementor-id=\"120\" class=\"elementor elementor-120\" data-elementor-post-type=\"page\">\n\t\t\t\t<div class=\"elementor-element elementor-element-df0fdcd e-flex e-con-boxed e-con e-parent\" data-id=\"df0fdcd\" data-element_type=\"container\">\n\t\t\t\t\t<div class=\"e-con-inner\">\n\t\t\t\t<div class=\"elementor-element elementor-element-28b2e29a elementor-widget elementor-widget-text-editor\" data-id=\"28b2e29a\" data-element_type=\"widget\" data-widget_type=\"text-editor.default\">\n\t\t\t\t<div class=\"elementor-widget-container\">\n\t\t\t\t\t\t\t\t\t<h1 align=\"justify\">Pol\u00edtica<strong><b>&nbsp;de env\u00edo<\/b><\/strong><\/h1>\n<p align=\"justify\">Todos los pedidos recibidos, con stock disponible y abonados antes de las 12:00 horas de lunes a viernes ser\u00e1n cursados el mismo d\u00eda. A partir de las 12:00 se tramitar\u00e1n el siguiente d\u00eda h\u00e1bil. Los pedidos con stock disponible tendr\u00e1n un env\u00edo 24 \u2013 48hrs.<\/p>\n<p align=\"justify\">El precio del env\u00edo incluye 2 intentos de entrega en el domicilio del cliente. El tercer intento y sucesivos correr\u00e1n a cargo del cliente. La empresa de transporte intentar\u00e1 ponerse en contacto con el tel\u00e9fono suministrado por el cliente.<\/p>\n<p align=\"justify\">No hay confirmado preaviso telef\u00f3nico previo al env\u00edo, por lo que por favor, indique una direcci\u00f3n de entrega donde haya gente de manera habitual, por ejemplo su lugar de trabajo. De esta manera se evitan muchos retrasos y gestiones posteriores.<\/p>\n<p align=\"justify\">En los env\u00edos a las Canarias, Ceuta y Melilla, estos pueden ver incrementado su coste por impuestos locales, como es el caso de IGIC y que correr\u00e1n por cuenta del comprador.<br>No se servir\u00e1n pedidos en Apartados de Correos.<\/p>\n<p align=\"justify\">A cada producto ser\u00e1n aplicables las Condiciones de entrega establecidas en su caso. El usuario deber\u00e1 tener en cuenta dichas Condiciones.<\/p>\n<p align=\"justify\">Para cualquier cuesti\u00f3n relacionada con la entrega o las condiciones del producto, el usuario deber\u00e1 contactar con Atenci\u00f3n al Cliente de <b>Persianas Permatik<\/b>, enviando un correo electr\u00f3nico a <b>permatik25@gmail.com<\/b>, que ser\u00e1 respondido a la mayor brevedad.<\/p>\n<p align=\"justify\">Los pedidos no se entregan los fines de semana, ni los d\u00edas festivos. Estos d\u00edas, as\u00ed como los afectados por huelga de transportistas o suministradores, no se computar\u00e1n a efectos de plazos de entrega.<\/p>\n<p align=\"justify\">Tanto las oficinas de&nbsp;<b>Persianas Permatik<\/b>&nbsp;como los almacenes de la empresa log\u00edstica est\u00e1n sujetas a las fiestas oficiales de la Comunidad de Pa\u00eds Vasco, no dando servicio en dichos d\u00edas.<\/p>\t\t\t\t\t\t\t\t<\/div>\n\t\t\t\t<\/div>\n\t\t\t\t\t<\/div>\n\t\t\t\t<\/div>\n\t\t\t\t<\/div>","protected":false},"excerpt":{"rendered":"<p>Pol\u00edtica&nbsp;de env\u00edo Todos los pedidos recibidos, con stock disponible y abonados antes de las 12:00 horas de lunes a viernes ser\u00e1n cursados el mismo d\u00eda. A partir de las 12:00 se tramitar\u00e1n el siguiente d\u00eda h\u00e1bil. Los pedidos con stock disponible tendr\u00e1n un env\u00edo 24 \u2013 48hrs. El precio del env\u00edo incluye 2 intentos de [&hellip;]<\/p>","protected":false},"author":1,"featured_media":0,"parent":0,"menu_order":0,"comment_status":"closed","ping_status":"closed","template":"","meta":{"footnotes":""},"class_list":["post-120","page","type-page","status-publish","hentry"],"yoast_head":"<!-- This site is optimized with the Yoast SEO plugin v26.4 - https:\/\/yoast.com\/wordpress\/plugins\/seo\/ -->\n<title>Pol\u00edtica de env\u00edo - Persianas Permatik<\/title>\n<meta name=\"robots\" content=\"index, follow, max-snippet:-1, max-image-preview:large, max-video-preview:-1\" \/>\n<link rel=\"canonical\" href=\"https:\/\/persianaspermatik.es\/eu\/politica-de-envio\/\" \/>\n<meta property=\"og:locale\" content=\"en_US\" \/>\n<meta property=\"og:type\" content=\"article\" \/>\n<meta property=\"og:title\" content=\"Pol\u00edtica de env\u00edo - Persianas Permatik\" \/>\n<meta property=\"og:description\" content=\"Pol\u00edtica&nbsp;de env\u00edo Todos los pedidos recibidos, con stock disponible y abonados antes de las 12:00 horas de lunes a viernes ser\u00e1n cursados el mismo d\u00eda. A partir de las 12:00 se tramitar\u00e1n el siguiente d\u00eda h\u00e1bil. Los pedidos con stock disponible tendr\u00e1n un env\u00edo 24 \u2013 48hrs. El precio del env\u00edo incluye 2 intentos de [&hellip;]\" \/>\n<meta property=\"og:url\" content=\"https:\/\/persianaspermatik.es\/eu\/politica-de-envio\/\" \/>\n<meta property=\"og:site_name\" content=\"Persianas Permatik\" \/>\n<meta property=\"article:modified_time\" content=\"2025-04-30T15:28:38+00:00\" \/>\n<meta name=\"twitter:card\" content=\"summary_large_image\" \/>\n<meta name=\"twitter:label1\" content=\"Est. reading time\" \/>\n\t<meta name=\"twitter:data1\" content=\"2 minutua\" \/>\n<script type=\"application\/ld+json\" class=\"yoast-schema-graph\">{\"@context\":\"https:\/\/schema.org\",\"@graph\":[{\"@type\":\"WebPage\",\"@id\":\"https:\/\/persianaspermatik.es\/politica-de-envio\/\",\"url\":\"https:\/\/persianaspermatik.es\/politica-de-envio\/\",\"name\":\"Pol\u00edtica de env\u00edo - Persianas Permatik\",\"isPartOf\":{\"@id\":\"https:\/\/persianaspermatik.es\/#website\"},\"datePublished\":\"2025-04-30T15:25:39+00:00\",\"dateModified\":\"2025-04-30T15:28:38+00:00\",\"breadcrumb\":{\"@id\":\"https:\/\/persianaspermatik.es\/politica-de-envio\/#breadcrumb\"},\"inLanguage\":\"eu\",\"potentialAction\":[{\"@type\":\"ReadAction\",\"target\":[\"https:\/\/persianaspermatik.es\/politica-de-envio\/\"]}]},{\"@type\":\"BreadcrumbList\",\"@id\":\"https:\/\/persianaspermatik.es\/politica-de-envio\/#breadcrumb\",\"itemListElement\":[{\"@type\":\"ListItem\",\"position\":1,\"name\":\"Portada\",\"item\":\"https:\/\/persianaspermatik.es\/\"},{\"@type\":\"ListItem\",\"position\":2,\"name\":\"Pol\u00edtica de env\u00edo\"}]},{\"@type\":\"WebSite\",\"@id\":\"https:\/\/persianaspermatik.es\/#website\",\"url\":\"https:\/\/persianaspermatik.es\/\",\"name\":\"Persianas Permatik\",\"description\":\"Fabricaci\u00f3n, instalaci\u00f3n y venta de cierres met\u00e1licos.\",\"publisher\":{\"@id\":\"https:\/\/persianaspermatik.es\/#organization\"},\"potentialAction\":[{\"@type\":\"SearchAction\",\"target\":{\"@type\":\"EntryPoint\",\"urlTemplate\":\"https:\/\/persianaspermatik.es\/?s={search_term_string}\"},\"query-input\":{\"@type\":\"PropertyValueSpecification\",\"valueRequired\":true,\"valueName\":\"search_term_string\"}}],\"inLanguage\":\"eu\"},{\"@type\":\"Organization\",\"@id\":\"https:\/\/persianaspermatik.es\/#organization\",\"name\":\"Persianas Permatik\",\"url\":\"https:\/\/persianaspermatik.es\/\",\"logo\":{\"@type\":\"ImageObject\",\"inLanguage\":\"eu\",\"@id\":\"https:\/\/persianaspermatik.es\/#\/schema\/logo\/image\/\",\"url\":\"https:\/\/persianaspermatik.es\/wp-content\/uploads\/2025\/03\/cropped-Logo.jpg\",\"contentUrl\":\"https:\/\/persianaspermatik.es\/wp-content\/uploads\/2025\/03\/cropped-Logo.jpg\",\"width\":906,\"height\":168,\"caption\":\"Persianas Permatik\"},\"image\":{\"@id\":\"https:\/\/persianaspermatik.es\/#\/schema\/logo\/image\/\"}}]}<\/script>\n<!-- \/ Yoast SEO plugin. -->","yoast_head_json":{"title":"Pol\u00edtica de env\u00edo - Persianas Permatik","robots":{"index":"index","follow":"follow","max-snippet":"max-snippet:-1","max-image-preview":"max-image-preview:large","max-video-preview":"max-video-preview:-1"},"canonical":"https:\/\/persianaspermatik.es\/eu\/politica-de-envio\/","og_locale":"en_US","og_type":"article","og_title":"Pol\u00edtica de env\u00edo - Persianas Permatik","og_description":"Pol\u00edtica&nbsp;de env\u00edo Todos los pedidos recibidos, con stock disponible y abonados antes de las 12:00 horas de lunes a viernes ser\u00e1n cursados el mismo d\u00eda. A partir de las 12:00 se tramitar\u00e1n el siguiente d\u00eda h\u00e1bil. Los pedidos con stock disponible tendr\u00e1n un env\u00edo 24 \u2013 48hrs. El precio del env\u00edo incluye 2 intentos de [&hellip;]","og_url":"https:\/\/persianaspermatik.es\/eu\/politica-de-envio\/","og_site_name":"Persianas Permatik","article_modified_time":"2025-04-30T15:28:38+00:00","twitter_card":"summary_large_image","twitter_misc":{"Est. reading time":"2 minutua"},"schema":{"@context":"https:\/\/schema.org","@graph":[{"@type":"WebPage","@id":"https:\/\/persianaspermatik.es\/politica-de-envio\/","url":"https:\/\/persianaspermatik.es\/politica-de-envio\/","name":"Pol\u00edtica de env\u00edo - Persianas Permatik","isPartOf":{"@id":"https:\/\/persianaspermatik.es\/#website"},"datePublished":"2025-04-30T15:25:39+00:00","dateModified":"2025-04-30T15:28:38+00:00","breadcrumb":{"@id":"https:\/\/persianaspermatik.es\/politica-de-envio\/#breadcrumb"},"inLanguage":"eu","potentialAction":[{"@type":"ReadAction","target":["https:\/\/persianaspermatik.es\/politica-de-envio\/"]}]},{"@type":"BreadcrumbList","@id":"https:\/\/persianaspermatik.es\/politica-de-envio\/#breadcrumb","itemListElement":[{"@type":"ListItem","position":1,"name":"Portada","item":"https:\/\/persianaspermatik.es\/"},{"@type":"ListItem","position":2,"name":"Pol\u00edtica de env\u00edo"}]},{"@type":"WebSite","@id":"https:\/\/persianaspermatik.es\/#website","url":"https:\/\/persianaspermatik.es\/","name":"Persianas Permatik","description":"Fabricaci\u00f3n, instalaci\u00f3n y venta de cierres met\u00e1licos.","publisher":{"@id":"https:\/\/persianaspermatik.es\/#organization"},"potentialAction":[{"@type":"SearchAction","target":{"@type":"EntryPoint","urlTemplate":"https:\/\/persianaspermatik.es\/?s={search_term_string}"},"query-input":{"@type":"PropertyValueSpecification","valueRequired":true,"valueName":"search_term_string"}}],"inLanguage":"eu"},{"@type":"Organization","@id":"https:\/\/persianaspermatik.es\/#organization","name":"Persianas Permatik","url":"https:\/\/persianaspermatik.es\/","logo":{"@type":"ImageObject","inLanguage":"eu","@id":"https:\/\/persianaspermatik.es\/#\/schema\/logo\/image\/","url":"https:\/\/persianaspermatik.es\/wp-content\/uploads\/2025\/03\/cropped-Logo.jpg","contentUrl":"https:\/\/persianaspermatik.es\/wp-content\/uploads\/2025\/03\/cropped-Logo.jpg","width":906,"height":168,"caption":"Persianas Permatik"},"image":{"@id":"https:\/\/persianaspermatik.es\/#\/schema\/logo\/image\/"}}]}},"jetpack_sharing_enabled":true,"_links":{"self":[{"href":"https:\/\/persianaspermatik.es\/eu\/wp-json\/wp\/v2\/pages\/120","targetHints":{"allow":["GET"]}}],"collection":[{"href":"https:\/\/persianaspermatik.es\/eu\/wp-json\/wp\/v2\/pages"}],"about":[{"href":"https:\/\/persianaspermatik.es\/eu\/wp-json\/wp\/v2\/types\/page"}],"author":[{"embeddable":true,"href":"https:\/\/persianaspermatik.es\/eu\/wp-json\/wp\/v2\/users\/1"}],"replies":[{"embeddable":true,"href":"https:\/\/persianaspermatik.es\/eu\/wp-json\/wp\/v2\/comments?post=120"}],"version-history":[{"count":7,"href":"https:\/\/persianaspermatik.es\/eu\/wp-json\/wp\/v2\/pages\/120\/revisions"}],"predecessor-version":[{"id":127,"href":"https:\/\/persianaspermatik.es\/eu\/wp-json\/wp\/v2\/pages\/120\/revisions\/127"}],"wp:attachment":[{"href":"https:\/\/persianaspermatik.es\/eu\/wp-json\/wp\/v2\/media?parent=120"}],"curies":[{"name":"wp","href":"https:\/\/api.w.org\/{rel}","templated":true}]}}